{"id":99911,"date":"2020-09-14T17:12:06","date_gmt":"2020-09-14T15:12:06","guid":{"rendered":"https:\/\/www.iispv.cat\/collabora\/"},"modified":"2025-11-03T08:02:59","modified_gmt":"2025-11-03T07:02:59","slug":"collabora","status":"publish","type":"page","link":"https:\/\/www.iispv.cat\/es\/collabora\/","title":{"rendered":"Vols col\u00b7laborar amb nosaltres?"},"content":{"rendered":"\n<p>Les aportacions solid\u00e0ries ens ajuden a tirar endavant els projectes de recerca que estem desenvolupant. Si a tu tamb\u00e9 et preocupa el futur de la salut, pots ajudar-nos fent una donaci\u00f3 que es destinar\u00e0 de manera \u00edntegra a la l\u00ednia de recerca que tri\u00efs!<\/p>\n\n\n\n<div class=\"wp-block-buttons is-layout-flex wp-block-buttons-is-layout-flex\">\n<div class=\"wp-block-button\"><a class=\"wp-block-button__link wp-element-button\" href=\"#feste-frm\">Fes ara la teva donaci\u00f3<\/a><\/div>\n<\/div>\n\n\n\n<div style=\"height:50px\" aria-hidden=\"true\" class=\"wp-block-spacer\"><\/div>\n\n\n\n<h2 class=\"wp-block-heading\">Donaci\u00f3 econ\u00f2mica en l\u00ednia<\/h2>\n\n\n\n<p>Les donacions poden ser puntuals, mensuals o anuals i pots fer el pagament per Bizum o amb targeta. A  m\u00e9s, aquestes donacions tenen avantatges fiscals, tant per a particulars com per a empreses. Els  coneixes?<\/p>\n\n\n\n<div style=\"height:30px\" aria-hidden=\"true\" class=\"wp-block-spacer\"><\/div>\n\n\n\n<div class=\"wp-block-group\"><div class=\"wp-block-group__inner-container is-layout-flow wp-block-group-is-layout-flow\">\n<div class=\"wp-block-columns are-vertically-aligned-top has-background is-layout-flex wp-container-core-columns-is-layout-9d6595d7 wp-block-columns-is-layout-flex\" style=\"background-color:#ebf6fa\">\n<div class=\"wp-block-column is-layout-flow wp-block-column-is-layout-flow\">\n<figure class=\"wp-block-image size-large\"><img loading=\"lazy\" decoding=\"async\" width=\"1024\" height=\"1024\" src=\"https:\/\/www.iispv.cat\/wp-content\/uploads\/2024\/11\/donacions-particulars-1024x1024.jpg\" alt=\"\" class=\"wp-image-99300\" srcset=\"https:\/\/www.iispv.cat\/wp-content\/uploads\/2024\/11\/donacions-particulars-1024x1024.jpg 1024w, https:\/\/www.iispv.cat\/wp-content\/uploads\/2024\/11\/donacions-particulars-300x300.jpg 300w, https:\/\/www.iispv.cat\/wp-content\/uploads\/2024\/11\/donacions-particulars-150x150.jpg 150w, https:\/\/www.iispv.cat\/wp-content\/uploads\/2024\/11\/donacions-particulars-768x769.jpg 768w, https:\/\/www.iispv.cat\/wp-content\/uploads\/2024\/11\/donacions-particulars.jpg 1151w\" sizes=\"auto, (max-width: 1024px) 100vw, 1024px\" \/><\/figure>\n<\/div>\n\n\n\n<div class=\"wp-block-column is-layout-flow wp-block-column-is-layout-flow\">\n<figure class=\"wp-block-image size-full\"><img loading=\"lazy\" decoding=\"async\" width=\"1024\" height=\"1024\" src=\"https:\/\/www.iispv.cat\/wp-content\/uploads\/2024\/11\/donacions-empreses.jpg\" alt=\"\" class=\"wp-image-99303\" srcset=\"https:\/\/www.iispv.cat\/wp-content\/uploads\/2024\/11\/donacions-empreses.jpg 1024w, https:\/\/www.iispv.cat\/wp-content\/uploads\/2024\/11\/donacions-empreses-300x300.jpg 300w, https:\/\/www.iispv.cat\/wp-content\/uploads\/2024\/11\/donacions-empreses-150x150.jpg 150w, https:\/\/www.iispv.cat\/wp-content\/uploads\/2024\/11\/donacions-empreses-768x768.jpg 768w\" sizes=\"auto, (max-width: 1024px) 100vw, 1024px\" \/><\/figure>\n<\/div>\n<\/div>\n<\/div><\/div>\n\n\n\n<div style=\"height:30px\" aria-hidden=\"true\" class=\"wp-block-spacer\"><\/div>\n\n\n\n<h1 class=\"wp-block-heading\">Altres maneres de col\u00b7laborar<\/h1>\n\n\n\n<p><\/p>\n\n\n\n<h2 class=\"wp-block-heading\"><strong>Organitzaci\u00f3 d\u2019una activitat solid\u00e0ria<\/strong><\/h2>\n\n\n\n<p><\/p>\n\n\n\n<p><\/p>\n\n\n\n<p>Un esdeveniment de car\u00e0cter esportiu, gastron\u00f2mic o cultural&nbsp; es pot convertir en una acci\u00f3 solid\u00e0ria, amb la qual es recullin fons per a la investigaci\u00f3 de manera l\u00fadica i festiva. Com? Doncs, per exemple, destinant-hi l\u2019import de la venda d\u2019entrades o el preu de les inscripcions! S\u00f3n moltes les activitats que&nbsp; poden convertir-se en un esdeveniment solidari. Aqu\u00ed tens alguns exemples:<\/p>\n\n\n\n<p><strong>Caminada o cursa<\/strong><\/p>\n\n\n\n<p><strong>Concert o obra de teatre<\/strong><\/p>\n\n\n\n<p><strong>Esmorzar, vermut o sopar solidari<\/strong><\/p>\n\n\n\n<p><strong>Venda d\u2019un producte solidari<\/strong><\/p>\n\n\n\n<p>Si et ve de gust organitzar una activitat solid\u00e0ria, pots posar-te en contacte amb nosaltres i et podem donar idees per dissenyar l\u2019acte. Tamb\u00e9 en farem difusi\u00f3 a la premsa i, per descomptat, hi serem presents el dia en qu\u00e8 se celebri!<\/p>\n\n\n\n<p><\/p>\n\n\n\n<h2 class=\"wp-block-heading\"><strong>I nosaltres, qu\u00e8 t\u2019oferim?<\/strong><\/h2>\n\n\n\n<p><\/p>\n\n\n\n<p><\/p>\n\n\n\n<p>L\u2019import \u00edntegre de la teva donaci\u00f3 es destinar\u00e0 a la l\u00ednia de recerca que tri\u00efs. A m\u00e9s, tamb\u00e9 disposem de diverses vies per fer difusi\u00f3 de la teva col\u00b7laboraci\u00f3 i comprom\u00eds amb la recerca biom\u00e8dica del territori, com per exemple:<\/p>\n\n\n\n<p><\/p>\n\n\n\n<p><\/p>\n\n\n\n<p><strong>Incloure el logotip de la teva empresa o instituci\u00f3 a l\u2019apartat de \u2018Col\u00b7laboradors\u2019 del web de l\u2019IISPV.<\/strong><\/p>\n\n\n\n<p><strong>Fer difusi\u00f3 de la donaci\u00f3 a trav\u00e9s dels nostres perfils de les xarxes socials.<\/strong><\/p>\n\n\n\n<p><strong>Redactar i enviar una nota de premsa als mitjans de comunicaci\u00f3.<\/strong><\/p>\n\n\n\n<p><\/p>\n\n\n\n<p><\/p>\n\n\n\n<p>A banda, tamb\u00e9 tenim altres maneres d\u2019agrair la teva donaci\u00f3, com per exemple, oferint alguna xerrada sobre salut o fent algun petit taller sobre recerca. Les opcions s\u00f3n infinites i, si en parlem, segur que trobem la millor manera de col\u00b7laborar!<\/p>\n\n\n\n<div style=\"height:30px\" aria-hidden=\"true\" class=\"wp-block-spacer\"><\/div>\n\n\n\n<h2 class=\"wp-block-heading\"><strong>Col\u00b7laboren amb nosaltres<\/strong><\/h2>\n\n\n\n<p><\/p>\n\n\n\n<p>L\u2019IISPV rep finan\u00e7ament de diverses institucions privades per a la realitzaci\u00f3 de projectes de recerca biom\u00e8dica.<\/p>\n\n\n\n<p>A banda, existeixen diferents entitats, institucions i empreses que, amb les seves donacions, contribueixen a fer possibles els nostres projectes de recerca<strong>.<\/strong><\/p>\n\n\n\n<p><\/p>\n\n\n\n<div style=\"height:20px\" aria-hidden=\"true\" class=\"wp-block-spacer\"><\/div>\n\n\n\n<div class=\"wp-block-buttons is-layout-flex wp-block-buttons-is-layout-flex\">\n<div class=\"wp-block-button is-style-outline is-style-outline--1\"><a class=\"wp-block-button__link wp-element-button\" href=\"https:\/\/www.iispv.cat\/collaboradors-2\/\">Col\u00b7laboradors<\/a><\/div>\n<\/div>\n","protected":false},"excerpt":{"rendered":"<p>Les aportacions solid\u00e0ries ens ajuden a tirar endavant els projectes de recerca que estem desenvolupant. Si a tu tamb\u00e9 et preocupa el futur de la salut, pots ajudar-nos fent una donaci\u00f3 que es destinar\u00e0 de manera \u00edntegra a la l\u00ednia de recerca que tri\u00efs! Donaci\u00f3 econ\u00f2mica en l\u00ednia Les donacions poden ser puntuals, mensuals o [&hellip;]<\/p>\n","protected":false},"author":20,"featured_media":0,"parent":0,"menu_order":373,"comment_status":"closed","ping_status":"closed","template":"page-templates\/colabora-nou.php","meta":{"footnotes":""},"class_list":["post-99911","page","type-page","status-publish","hentry"],"_links":{"self":[{"href":"https:\/\/www.iispv.cat\/es\/wp-json\/wp\/v2\/pages\/99911","targetHints":{"allow":["GET"]}}],"collection":[{"href":"https:\/\/www.iispv.cat\/es\/wp-json\/wp\/v2\/pages"}],"about":[{"href":"https:\/\/www.iispv.cat\/es\/wp-json\/wp\/v2\/types\/page"}],"author":[{"embeddable":true,"href":"https:\/\/www.iispv.cat\/es\/wp-json\/wp\/v2\/users\/20"}],"replies":[{"embeddable":true,"href":"https:\/\/www.iispv.cat\/es\/wp-json\/wp\/v2\/comments?post=99911"}],"version-history":[{"count":30,"href":"https:\/\/www.iispv.cat\/es\/wp-json\/wp\/v2\/pages\/99911\/revisions"}],"predecessor-version":[{"id":109556,"href":"https:\/\/www.iispv.cat\/es\/wp-json\/wp\/v2\/pages\/99911\/revisions\/109556"}],"wp:attachment":[{"href":"https:\/\/www.iispv.cat\/es\/wp-json\/wp\/v2\/media?parent=99911"}],"curies":[{"name":"wp","href":"https:\/\/api.w.org\/{rel}","templated":true}]}}