{"id":92836,"date":"2024-11-15T15:26:14","date_gmt":"2024-11-15T14:26:14","guid":{"rendered":"https:\/\/www.iispv.cat\/?page_id=92836"},"modified":"2025-11-19T09:54:26","modified_gmt":"2025-11-19T08:54:26","slug":"guias-y-protocolos-de-practica-clinica","status":"publish","type":"page","link":"https:\/\/www.iispv.cat\/es\/innovacion-2\/guias-y-protocolos-de-practica-clinica\/","title":{"rendered":"Gu\u00edas y protocolos de pr\u00e1ctica cl\u00ednica"},"content":{"rendered":"","protected":false},"excerpt":{"rendered":"","protected":false},"author":3,"featured_media":92841,"parent":84413,"menu_order":157,"comment_status":"closed","ping_status":"closed","template":"","meta":{"footnotes":""},"class_list":["post-92836","page","type-page","status-publish","has-post-thumbnail","hentry"],"_links":{"self":[{"href":"https:\/\/www.iispv.cat\/es\/wp-json\/wp\/v2\/pages\/92836","targetHints":{"allow":["GET"]}}],"collection":[{"href":"https:\/\/www.iispv.cat\/es\/wp-json\/wp\/v2\/pages"}],"about":[{"href":"https:\/\/www.iispv.cat\/es\/wp-json\/wp\/v2\/types\/page"}],"author":[{"embeddable":true,"href":"https:\/\/www.iispv.cat\/es\/wp-json\/wp\/v2\/users\/3"}],"replies":[{"embeddable":true,"href":"https:\/\/www.iispv.cat\/es\/wp-json\/wp\/v2\/comments?post=92836"}],"version-history":[{"count":4,"href":"https:\/\/www.iispv.cat\/es\/wp-json\/wp\/v2\/pages\/92836\/revisions"}],"predecessor-version":[{"id":109925,"href":"https:\/\/www.iispv.cat\/es\/wp-json\/wp\/v2\/pages\/92836\/revisions\/109925"}],"up":[{"embeddable":true,"href":"https:\/\/www.iispv.cat\/es\/wp-json\/wp\/v2\/pages\/84413"}],"wp:featuredmedia":[{"embeddable":true,"href":"https:\/\/www.iispv.cat\/es\/wp-json\/wp\/v2\/media\/92841"}],"wp:attachment":[{"href":"https:\/\/www.iispv.cat\/es\/wp-json\/wp\/v2\/media?parent=92836"}],"curies":[{"name":"wp","href":"https:\/\/api.w.org\/{rel}","templated":true}]}}