{"id":84413,"date":"2023-06-27T10:41:26","date_gmt":"2023-06-27T09:41:26","guid":{"rendered":"https:\/\/www.iispv.cat\/innovacio\/"},"modified":"2024-07-29T10:48:29","modified_gmt":"2024-07-29T09:48:29","slug":"innovacion-2","status":"publish","type":"page","link":"https:\/\/www.iispv.cat\/es\/innovacion-2\/","title":{"rendered":"Innovaci\u00f3n"},"content":{"rendered":"\n<p>Entre los objetivos estrat\u00e9gicos del IISPV est\u00e1n el de impulsar proyectos de investigaci\u00f3n innovadores, y el de promover una cultura basada en la cooperaci\u00f3n y en la innovaci\u00f3n abierta en I+D+I, con un impacto potencial en la salud.<\/p>\n","protected":false},"excerpt":{"rendered":"<p>Entre los objetivos estrat\u00e9gicos del IISPV est\u00e1n el de impulsar proyectos de investigaci\u00f3n innovadores, y el de promover una cultura basada en la cooperaci\u00f3n y en la innovaci\u00f3n abierta en I+D+I, con un impacto potencial en la salud.<\/p>\n","protected":false},"author":26,"featured_media":0,"parent":0,"menu_order":86,"comment_status":"closed","ping_status":"closed","template":"page-templates\/benvinguts.php","meta":{"footnotes":""},"class_list":["post-84413","page","type-page","status-publish","hentry"],"_links":{"self":[{"href":"https:\/\/www.iispv.cat\/es\/wp-json\/wp\/v2\/pages\/84413","targetHints":{"allow":["GET"]}}],"collection":[{"href":"https:\/\/www.iispv.cat\/es\/wp-json\/wp\/v2\/pages"}],"about":[{"href":"https:\/\/www.iispv.cat\/es\/wp-json\/wp\/v2\/types\/page"}],"author":[{"embeddable":true,"href":"https:\/\/www.iispv.cat\/es\/wp-json\/wp\/v2\/users\/26"}],"replies":[{"embeddable":true,"href":"https:\/\/www.iispv.cat\/es\/wp-json\/wp\/v2\/comments?post=84413"}],"version-history":[{"count":17,"href":"https:\/\/www.iispv.cat\/es\/wp-json\/wp\/v2\/pages\/84413\/revisions"}],"predecessor-version":[{"id":95974,"href":"https:\/\/www.iispv.cat\/es\/wp-json\/wp\/v2\/pages\/84413\/revisions\/95974"}],"wp:attachment":[{"href":"https:\/\/www.iispv.cat\/es\/wp-json\/wp\/v2\/media?parent=84413"}],"curies":[{"name":"wp","href":"https:\/\/api.w.org\/{rel}","templated":true}]}}