{"id":68979,"date":"2023-01-20T12:07:04","date_gmt":"2023-01-20T11:07:04","guid":{"rendered":"https:\/\/www.iispv.cat\/?page_id=68979"},"modified":"2023-01-20T12:07:06","modified_gmt":"2023-01-20T11:07:06","slug":"quienes-somos","status":"publish","type":"page","link":"https:\/\/www.iispv.cat\/es\/quienes-somos\/","title":{"rendered":"Qui\u00e9nes somos"},"content":{"rendered":"\n<p>Conoce el IISPV y sus l\u00edneas de investigaci\u00f3n a trav\u00e9s de este v\u00eddeo.<\/p>\n\n\n\n<p><iframe class=\"fsm-youtube-video\" src=\"https:\/\/www.youtube.com\/embed\/WjKYKWD93gI\" title=\"YouTube video player\" allow=\"accelerometer; autoplay; clipboard-write; encrypted-media; gyroscope; picture-in-picture; web-share\" allowfullscreen=\"\" frameborder=\"0\"><\/iframe><\/p>\n","protected":false},"excerpt":{"rendered":"<p>Conoce el IISPV y sus l\u00edneas de investigaci\u00f3n a trav\u00e9s de este v\u00eddeo.<\/p>\n","protected":false},"author":20,"featured_media":0,"parent":0,"menu_order":107,"comment_status":"closed","ping_status":"closed","template":"page-templates\/benvinguda-director.php","meta":{"footnotes":""},"class_list":["post-68979","page","type-page","status-publish","hentry"],"_links":{"self":[{"href":"https:\/\/www.iispv.cat\/es\/wp-json\/wp\/v2\/pages\/68979","targetHints":{"allow":["GET"]}}],"collection":[{"href":"https:\/\/www.iispv.cat\/es\/wp-json\/wp\/v2\/pages"}],"about":[{"href":"https:\/\/www.iispv.cat\/es\/wp-json\/wp\/v2\/types\/page"}],"author":[{"embeddable":true,"href":"https:\/\/www.iispv.cat\/es\/wp-json\/wp\/v2\/users\/20"}],"replies":[{"embeddable":true,"href":"https:\/\/www.iispv.cat\/es\/wp-json\/wp\/v2\/comments?post=68979"}],"version-history":[{"count":3,"href":"https:\/\/www.iispv.cat\/es\/wp-json\/wp\/v2\/pages\/68979\/revisions"}],"predecessor-version":[{"id":84113,"href":"https:\/\/www.iispv.cat\/es\/wp-json\/wp\/v2\/pages\/68979\/revisions\/84113"}],"wp:attachment":[{"href":"https:\/\/www.iispv.cat\/es\/wp-json\/wp\/v2\/media?parent=68979"}],"curies":[{"name":"wp","href":"https:\/\/api.w.org\/{rel}","templated":true}]}}