{"id":66458,"date":"2022-10-21T17:02:43","date_gmt":"2022-10-21T16:02:43","guid":{"rendered":"https:\/\/www.iispv.cat\/?page_id=66458"},"modified":"2025-02-06T14:21:49","modified_gmt":"2025-02-06T13:21:49","slug":"oncologia","status":"publish","type":"page","link":"https:\/\/www.iispv.cat\/es\/recerca\/oncologia\/","title":{"rendered":"Oncolog\u00eda"},"content":{"rendered":"\n<p>En este \u00e1mbito se aglutinan diferentes grupos de investigaci\u00f3n de prestigio, con profesionales tanto de los hospitales como de la universidad. El IISPV aporta todo su potencial humano y t\u00e9cnico con la vocaci\u00f3n de unir la actividad investigadora y el empresarial.&nbsp;El investigador responsable de esta \u00e1rea es el Dr. Josep Gum\u00e0, director del Instituto de Oncolog\u00eda de la Catalu\u00f1a Sur del Hospital Universitari Sant Joan de Reus.<\/p><p><a href=\"https:\/\/orcid.org\/0000-0001-7541-9832\" data-type=\"URL\" data-id=\"https:\/\/orcid.org\/0000-0001-7541-9832\" target=\"_blank\" rel=\"noreferrer noopener\" class=\"external\">Breve CV<\/a><\/p>\n","protected":false},"excerpt":{"rendered":"<p>En este \u00e1mbito se aglutinan diferentes grupos de investigaci\u00f3n de prestigio, con profesionales tanto de los hospitales como de la universidad. El IISPV aporta todo su potencial humano y t\u00e9cnico con la vocaci\u00f3n de unir la actividad investigadora y el empresarial.&nbsp;El investigador responsable de esta \u00e1rea es el Dr. Josep Gum\u00e0, director del Instituto de [&hellip;]<\/p>\n","protected":false},"author":20,"featured_media":66464,"parent":52642,"menu_order":351,"comment_status":"closed","ping_status":"closed","template":"page-templates\/llista-grups.php","meta":{"footnotes":""},"class_list":["post-66458","page","type-page","status-publish","has-post-thumbnail","hentry"],"_links":{"self":[{"href":"https:\/\/www.iispv.cat\/es\/wp-json\/wp\/v2\/pages\/66458","targetHints":{"allow":["GET"]}}],"collection":[{"href":"https:\/\/www.iispv.cat\/es\/wp-json\/wp\/v2\/pages"}],"about":[{"href":"https:\/\/www.iispv.cat\/es\/wp-json\/wp\/v2\/types\/page"}],"author":[{"embeddable":true,"href":"https:\/\/www.iispv.cat\/es\/wp-json\/wp\/v2\/users\/20"}],"replies":[{"embeddable":true,"href":"https:\/\/www.iispv.cat\/es\/wp-json\/wp\/v2\/comments?post=66458"}],"version-history":[{"count":20,"href":"https:\/\/www.iispv.cat\/es\/wp-json\/wp\/v2\/pages\/66458\/revisions"}],"predecessor-version":[{"id":103595,"href":"https:\/\/www.iispv.cat\/es\/wp-json\/wp\/v2\/pages\/66458\/revisions\/103595"}],"up":[{"embeddable":true,"href":"https:\/\/www.iispv.cat\/es\/wp-json\/wp\/v2\/pages\/52642"}],"wp:featuredmedia":[{"embeddable":true,"href":"https:\/\/www.iispv.cat\/es\/wp-json\/wp\/v2\/media\/66464"}],"wp:attachment":[{"href":"https:\/\/www.iispv.cat\/es\/wp-json\/wp\/v2\/media?parent=66458"}],"curies":[{"name":"wp","href":"https:\/\/api.w.org\/{rel}","templated":true}]}}