{"id":52645,"date":"2020-09-14T17:16:04","date_gmt":"2020-09-14T15:16:04","guid":{"rendered":"https:\/\/www.iispv.cat\/formacio\/"},"modified":"2024-12-04T13:39:19","modified_gmt":"2024-12-04T12:39:19","slug":"formacio","status":"publish","type":"page","link":"https:\/\/www.iispv.cat\/es\/formacio\/","title":{"rendered":"Formaci\u00f3n"},"content":{"rendered":"\n<p>Te ofrecemos la mejor formaci\u00f3n en diferentes \u00e1mbitos relacionados con la investigaci\u00f3n para que con tu motivaci\u00f3n y experiencia puedas crear el futuro que deseas.<\/p>\n","protected":false},"excerpt":{"rendered":"<p>Te ofrecemos la mejor formaci\u00f3n en diferentes \u00e1mbitos relacionados con la investigaci\u00f3n para que con tu motivaci\u00f3n y experiencia puedas crear el futuro que deseas.<\/p>\n","protected":false},"author":20,"featured_media":0,"parent":0,"menu_order":362,"comment_status":"closed","ping_status":"closed","template":"page-templates\/formacio.php","meta":{"footnotes":""},"class_list":["post-52645","page","type-page","status-publish","hentry"],"_links":{"self":[{"href":"https:\/\/www.iispv.cat\/es\/wp-json\/wp\/v2\/pages\/52645","targetHints":{"allow":["GET"]}}],"collection":[{"href":"https:\/\/www.iispv.cat\/es\/wp-json\/wp\/v2\/pages"}],"about":[{"href":"https:\/\/www.iispv.cat\/es\/wp-json\/wp\/v2\/types\/page"}],"author":[{"embeddable":true,"href":"https:\/\/www.iispv.cat\/es\/wp-json\/wp\/v2\/users\/20"}],"replies":[{"embeddable":true,"href":"https:\/\/www.iispv.cat\/es\/wp-json\/wp\/v2\/comments?post=52645"}],"version-history":[{"count":27,"href":"https:\/\/www.iispv.cat\/es\/wp-json\/wp\/v2\/pages\/52645\/revisions"}],"predecessor-version":[{"id":100682,"href":"https:\/\/www.iispv.cat\/es\/wp-json\/wp\/v2\/pages\/52645\/revisions\/100682"}],"wp:attachment":[{"href":"https:\/\/www.iispv.cat\/es\/wp-json\/wp\/v2\/media?parent=52645"}],"curies":[{"name":"wp","href":"https:\/\/api.w.org\/{rel}","templated":true}]}}