{"id":52636,"date":"2020-09-14T17:22:03","date_gmt":"2020-09-14T15:22:03","guid":{"rendered":"https:\/\/www.iispv.cat\/ajuts-a-la-recerca\/"},"modified":"2025-05-08T08:54:40","modified_gmt":"2025-05-08T07:54:40","slug":"ajuts-a-la-recerca","status":"publish","type":"page","link":"https:\/\/www.iispv.cat\/es\/ajuts-a-la-recerca\/","title":{"rendered":"Ayudas en la investigaci\u00f3n"},"content":{"rendered":"\n<p>A continuaci\u00f3n  las ayudas nacionales o internacionales convocadas por los diferentes organismos p\u00fablicos o privados:<\/p>\n\n\n\n<div class=\"wp-block-columns is-layout-flex wp-container-core-columns-is-layout-9d6595d7 wp-block-columns-is-layout-flex\">\n<div class=\"wp-block-column is-layout-flow wp-block-column-is-layout-flow\" style=\"flex-basis:100%\">\n<div class=\"wp-block-columns is-layout-flex wp-container-core-columns-is-layout-9d6595d7 wp-block-columns-is-layout-flex\">\n<div class=\"wp-block-column is-layout-flow wp-block-column-is-layout-flow\">\n<figure class=\"wp-block-image size-full is-resized\"><a href=\"https:\/\/www.iispv.cat\/newsletters-de-la-unitat-de-projectes-internacionals\/\"><img loading=\"lazy\" decoding=\"async\" src=\"https:\/\/www.iispv.cat\/wp-content\/uploads\/2025\/03\/logo_20anys-72aa309b1cd37a07c77ac6056b71284f-73acfb.png.png\" alt=\"\" class=\"wp-image-105003\" width=\"256\" height=\"78\" srcset=\"https:\/\/www.iispv.cat\/wp-content\/uploads\/2025\/03\/logo_20anys-72aa309b1cd37a07c77ac6056b71284f-73acfb.png.png 460w, https:\/\/www.iispv.cat\/wp-content\/uploads\/2025\/03\/logo_20anys-72aa309b1cd37a07c77ac6056b71284f-73acfb.png-300x92.png 300w\" sizes=\"auto, (max-width: 256px) 100vw, 256px\" \/><\/a><figcaption><strong><a href=\"https:\/\/www.iispv.cat\/newsletters-de-la-unitat-de-projectes-internacionals\/\">Ayudas internacionales<\/a><\/strong><\/figcaption><\/figure>\n<\/div>\n\n\n\n<div class=\"wp-block-column is-layout-flow wp-block-column-is-layout-flow\">\n<figure class=\"wp-block-image size-full is-resized\"><a href=\"https:\/\/www.iispv.cat\/newsletters-de-la-unitat-de-projectes-nacionals\/\"><img loading=\"lazy\" decoding=\"async\" src=\"https:\/\/www.iispv.cat\/wp-content\/uploads\/2025\/03\/logo_20anys-72aa309b1cd37a07c77ac6056b71284f-73acfb.png.png\" alt=\"\" class=\"wp-image-105003\" width=\"256\" height=\"78\" srcset=\"https:\/\/www.iispv.cat\/wp-content\/uploads\/2025\/03\/logo_20anys-72aa309b1cd37a07c77ac6056b71284f-73acfb.png.png 460w, https:\/\/www.iispv.cat\/wp-content\/uploads\/2025\/03\/logo_20anys-72aa309b1cd37a07c77ac6056b71284f-73acfb.png-300x92.png 300w\" sizes=\"auto, (max-width: 256px) 100vw, 256px\" \/><\/a><figcaption><strong><a href=\"https:\/\/www.iispv.cat\/newsletters-de-la-unitat-de-projectes-nacionals\/\">Ayudas nacionales<\/a><\/strong><\/figcaption><\/figure>\n<\/div>\n\n\n\n<div class=\"wp-block-column is-layout-flow wp-block-column-is-layout-flow\">\n<figure class=\"wp-block-image size-full is-resized\"><img loading=\"lazy\" decoding=\"async\" src=\"https:\/\/www.iispv.cat\/wp-content\/uploads\/2025\/03\/logo_20anys-72aa309b1cd37a07c77ac6056b71284f-73acfb.png.png\" alt=\"\" class=\"wp-image-105003\" width=\"256\" height=\"78\" srcset=\"https:\/\/www.iispv.cat\/wp-content\/uploads\/2025\/03\/logo_20anys-72aa309b1cd37a07c77ac6056b71284f-73acfb.png.png 460w, https:\/\/www.iispv.cat\/wp-content\/uploads\/2025\/03\/logo_20anys-72aa309b1cd37a07c77ac6056b71284f-73acfb.png-300x92.png 300w\" sizes=\"auto, (max-width: 256px) 100vw, 256px\" \/><figcaption><a href=\"https:\/\/www.iispv.cat\/convocatoria-ajudes-pcc\/\"><strong>Ayudas propias: <\/strong><br><strong>Proyecto cient\u00edfico compartido<\/strong><\/a><\/figcaption><\/figure>\n<\/div>\n<\/div>\n<\/div>\n<\/div>\n\n\n\n<p><\/p>\n\n\n\n<h2 class=\"wp-block-heading\">De las ayudas nacionales destacamos las siguientes convocatorias:<\/h2>\n\n\n\n<p><\/p>\n\n\n\n<p><\/p>\n\n\n\n<ul class=\"has-medium-font-size wp-block-list\"><li><strong><a rel=\"noreferrer noopener\" href=\"https:\/\/www.iispv.cat\/ajut\/ajuts-joan-oro-per-a-la-contractacio-de-personal-investigador-predoctoral-en-formacio-fi-2024-3\/\" target=\"_blank\">Ayudas Joan Or\u00f3 para la Contrataci\u00f3n de Personal Investigador Predoctoral En Formaci\u00f3n (FI 2025)<\/a><\/strong><\/li><\/ul>\n\n\n\n<p><\/p>\n\n\n\n<ul class=\"has-medium-font-size wp-block-list\"><li><strong><a href=\"https:\/\/www.iispv.cat\/ajut\/ajuts-joan-oro-per-a-la-contractacio-de-personal-investigador-predoctoral-en-formacio-fi-2024\/\" target=\"_blank\" rel=\"noreferrer noopener\">Ayudas Joan Or\u00f3 para la contrataci\u00f3n de investigadores predoctorales en formaci\u00f3n (FI) 2024 <\/a><\/strong><\/li><\/ul>\n\n\n\n<p><\/p>\n\n\n\n<ul class=\"has-medium-font-size wp-block-list\"><li><strong><a rel=\"noreferrer noopener\" href=\"https:\/\/www.iispv.cat\/es\/ajut\/ajuts-joan-oro-per-a-la-contractacio-de-personal-investigador-predoctoral-en-formacio-fi-2023-criteris-de-prioritzacio-iispv\/\" target=\"_blank\">Ayudas Joan Or\u00f3 para la contrataci\u00f3n de personal investigador predoctoral en formaci\u00f3n (fi) 2023 \u2013 Criterios de priorizaci\u00f3n IISPV<\/a><\/strong><\/li><\/ul>\n\n\n\n<p><\/p>\n\n\n\n<p><\/p>\n\n\n<div class=\"wp-block-image\">\n<figure class=\"aligncenter size-large is-resized\"><img decoding=\"async\" src=\"https:\/\/www.iispv.cat\/wp-content\/uploads\/2025\/05\/EN_Co-fundedbytheEU_RGB_POS-1024x228.png\" alt=\"\" class=\"wp-image-106178\" width=\"250\" srcset=\"https:\/\/www.iispv.cat\/wp-content\/uploads\/2025\/05\/EN_Co-fundedbytheEU_RGB_POS-1024x228.png 1024w, https:\/\/www.iispv.cat\/wp-content\/uploads\/2025\/05\/EN_Co-fundedbytheEU_RGB_POS-300x67.png 300w, https:\/\/www.iispv.cat\/wp-content\/uploads\/2025\/05\/EN_Co-fundedbytheEU_RGB_POS-768x171.png 768w, https:\/\/www.iispv.cat\/wp-content\/uploads\/2025\/05\/EN_Co-fundedbytheEU_RGB_POS-1536x343.png 1536w, https:\/\/www.iispv.cat\/wp-content\/uploads\/2025\/05\/EN_Co-fundedbytheEU_RGB_POS-2048x457.png 2048w\" sizes=\"(max-width: 1024px) 100vw, 1024px\" \/><\/figure><\/div>\n\n\n<p style=\"font-size:25px\"><strong>Relaci\u00f3n de ayudas vigentes:<\/strong><\/p>\n\n\n\n<div style=\"height:37px\" aria-hidden=\"true\" class=\"wp-block-spacer\"><\/div>\n\n\n\n<figure class=\"wp-block-image size-full\"><img loading=\"lazy\" decoding=\"async\" width=\"1024\" height=\"576\" src=\"https:\/\/www.iispv.cat\/wp-content\/uploads\/2025\/05\/pantalla1-1024x576-1.jpg\" alt=\"\" class=\"wp-image-106076\" srcset=\"https:\/\/www.iispv.cat\/wp-content\/uploads\/2025\/05\/pantalla1-1024x576-1.jpg 1024w, https:\/\/www.iispv.cat\/wp-content\/uploads\/2025\/05\/pantalla1-1024x576-1-300x169.jpg 300w, https:\/\/www.iispv.cat\/wp-content\/uploads\/2025\/05\/pantalla1-1024x576-1-768x432.jpg 768w\" sizes=\"auto, (max-width: 1024px) 100vw, 1024px\" \/><\/figure>\n\n\n\n<p><\/p>\n\n\n\n<figure class=\"wp-block-image size-full\"><img loading=\"lazy\" decoding=\"async\" width=\"1024\" height=\"576\" src=\"https:\/\/www.iispv.cat\/wp-content\/uploads\/2025\/05\/pantalla2-1024x576-1.jpg\" alt=\"\" class=\"wp-image-106085\" srcset=\"https:\/\/www.iispv.cat\/wp-content\/uploads\/2025\/05\/pantalla2-1024x576-1.jpg 1024w, https:\/\/www.iispv.cat\/wp-content\/uploads\/2025\/05\/pantalla2-1024x576-1-300x169.jpg 300w, https:\/\/www.iispv.cat\/wp-content\/uploads\/2025\/05\/pantalla2-1024x576-1-768x432.jpg 768w\" sizes=\"auto, (max-width: 1024px) 100vw, 1024px\" \/><\/figure>\n\n\n\n<figure class=\"wp-block-image size-full\"><img loading=\"lazy\" decoding=\"async\" width=\"1024\" height=\"576\" src=\"https:\/\/www.iispv.cat\/wp-content\/uploads\/2025\/05\/pantalla3-1024x576-1.jpg\" alt=\"\" class=\"wp-image-106089\" srcset=\"https:\/\/www.iispv.cat\/wp-content\/uploads\/2025\/05\/pantalla3-1024x576-1.jpg 1024w, https:\/\/www.iispv.cat\/wp-content\/uploads\/2025\/05\/pantalla3-1024x576-1-300x169.jpg 300w, https:\/\/www.iispv.cat\/wp-content\/uploads\/2025\/05\/pantalla3-1024x576-1-768x432.jpg 768w\" sizes=\"auto, (max-width: 1024px) 100vw, 1024px\" \/><\/figure>\n\n\n\n<figure class=\"wp-block-image size-full\"><img loading=\"lazy\" decoding=\"async\" width=\"1024\" height=\"576\" src=\"https:\/\/www.iispv.cat\/wp-content\/uploads\/2025\/05\/pantalla4-1024x576-1.jpg\" alt=\"\" class=\"wp-image-106093\" srcset=\"https:\/\/www.iispv.cat\/wp-content\/uploads\/2025\/05\/pantalla4-1024x576-1.jpg 1024w, https:\/\/www.iispv.cat\/wp-content\/uploads\/2025\/05\/pantalla4-1024x576-1-300x169.jpg 300w, https:\/\/www.iispv.cat\/wp-content\/uploads\/2025\/05\/pantalla4-1024x576-1-768x432.jpg 768w\" sizes=\"auto, (max-width: 1024px) 100vw, 1024px\" \/><\/figure>\n\n\n\n<figure class=\"wp-block-image size-full\"><img loading=\"lazy\" decoding=\"async\" width=\"1024\" height=\"576\" src=\"https:\/\/www.iispv.cat\/wp-content\/uploads\/2025\/05\/pantalla5-1024x576-1.jpg\" alt=\"\" class=\"wp-image-106096\" srcset=\"https:\/\/www.iispv.cat\/wp-content\/uploads\/2025\/05\/pantalla5-1024x576-1.jpg 1024w, https:\/\/www.iispv.cat\/wp-content\/uploads\/2025\/05\/pantalla5-1024x576-1-300x169.jpg 300w, https:\/\/www.iispv.cat\/wp-content\/uploads\/2025\/05\/pantalla5-1024x576-1-768x432.jpg 768w\" sizes=\"auto, (max-width: 1024px) 100vw, 1024px\" \/><\/figure>\n\n\n\n<figure class=\"wp-block-image size-full\"><img loading=\"lazy\" decoding=\"async\" width=\"1024\" height=\"576\" src=\"https:\/\/www.iispv.cat\/wp-content\/uploads\/2025\/05\/pantalla6_-1024x576-1.jpg\" alt=\"\" class=\"wp-image-106099\" srcset=\"https:\/\/www.iispv.cat\/wp-content\/uploads\/2025\/05\/pantalla6_-1024x576-1.jpg 1024w, https:\/\/www.iispv.cat\/wp-content\/uploads\/2025\/05\/pantalla6_-1024x576-1-300x169.jpg 300w, https:\/\/www.iispv.cat\/wp-content\/uploads\/2025\/05\/pantalla6_-1024x576-1-768x432.jpg 768w\" sizes=\"auto, (max-width: 1024px) 100vw, 1024px\" \/><\/figure>\n\n\n\n<figure class=\"wp-block-image size-full\"><img loading=\"lazy\" decoding=\"async\" width=\"1024\" height=\"576\" src=\"https:\/\/www.iispv.cat\/wp-content\/uploads\/2025\/05\/pantalla7-1024x576-1.jpg\" alt=\"\" class=\"wp-image-106102\" srcset=\"https:\/\/www.iispv.cat\/wp-content\/uploads\/2025\/05\/pantalla7-1024x576-1.jpg 1024w, https:\/\/www.iispv.cat\/wp-content\/uploads\/2025\/05\/pantalla7-1024x576-1-300x169.jpg 300w, https:\/\/www.iispv.cat\/wp-content\/uploads\/2025\/05\/pantalla7-1024x576-1-768x432.jpg 768w\" sizes=\"auto, (max-width: 1024px) 100vw, 1024px\" \/><\/figure>\n\n\n\n<figure class=\"wp-block-image size-full\"><img loading=\"lazy\" decoding=\"async\" width=\"1024\" height=\"576\" src=\"https:\/\/www.iispv.cat\/wp-content\/uploads\/2025\/05\/pantalla8-1024x576-1.jpg\" alt=\"\" class=\"wp-image-106105\" srcset=\"https:\/\/www.iispv.cat\/wp-content\/uploads\/2025\/05\/pantalla8-1024x576-1.jpg 1024w, https:\/\/www.iispv.cat\/wp-content\/uploads\/2025\/05\/pantalla8-1024x576-1-300x169.jpg 300w, https:\/\/www.iispv.cat\/wp-content\/uploads\/2025\/05\/pantalla8-1024x576-1-768x432.jpg 768w\" sizes=\"auto, (max-width: 1024px) 100vw, 1024px\" \/><\/figure>\n","protected":false},"excerpt":{"rendered":"<p>A continuaci\u00f3n las ayudas nacionales o internacionales convocadas por los diferentes organismos p\u00fablicos o privados: De las ayudas nacionales destacamos las siguientes convocatorias: Ayudas Joan Or\u00f3 para la Contrataci\u00f3n de Personal Investigador Predoctoral En Formaci\u00f3n (FI 2025) Ayudas Joan Or\u00f3 para la contrataci\u00f3n de investigadores predoctorales en formaci\u00f3n (FI) 2024 Ayudas Joan Or\u00f3 para la [&hellip;]<\/p>\n","protected":false},"author":20,"featured_media":0,"parent":0,"menu_order":336,"comment_status":"closed","ping_status":"closed","template":"page-templates\/pagina_simple.php","meta":{"footnotes":""},"class_list":["post-52636","page","type-page","status-publish","hentry"],"_links":{"self":[{"href":"https:\/\/www.iispv.cat\/es\/wp-json\/wp\/v2\/pages\/52636","targetHints":{"allow":["GET"]}}],"collection":[{"href":"https:\/\/www.iispv.cat\/es\/wp-json\/wp\/v2\/pages"}],"about":[{"href":"https:\/\/www.iispv.cat\/es\/wp-json\/wp\/v2\/types\/page"}],"author":[{"embeddable":true,"href":"https:\/\/www.iispv.cat\/es\/wp-json\/wp\/v2\/users\/20"}],"replies":[{"embeddable":true,"href":"https:\/\/www.iispv.cat\/es\/wp-json\/wp\/v2\/comments?post=52636"}],"version-history":[{"count":22,"href":"https:\/\/www.iispv.cat\/es\/wp-json\/wp\/v2\/pages\/52636\/revisions"}],"predecessor-version":[{"id":106235,"href":"https:\/\/www.iispv.cat\/es\/wp-json\/wp\/v2\/pages\/52636\/revisions\/106235"}],"wp:attachment":[{"href":"https:\/\/www.iispv.cat\/es\/wp-json\/wp\/v2\/media?parent=52636"}],"curies":[{"name":"wp","href":"https:\/\/api.w.org\/{rel}","templated":true}]}}