{"id":52626,"date":"2020-09-14T17:41:33","date_gmt":"2020-09-14T15:41:33","guid":{"rendered":"https:\/\/www.iispv.cat\/accessibilitat\/"},"modified":"2023-07-12T09:38:51","modified_gmt":"2023-07-12T08:38:51","slug":"accessibilitat","status":"publish","type":"page","link":"https:\/\/www.iispv.cat\/es\/accessibilitat\/","title":{"rendered":"Accessibilidad"},"content":{"rendered":"\n<h1 class=\"wp-block-heading\">Accessibilidad<\/h1>\n\n\n\n<p>L&#8217;<strong>Institut d&#8217;Investigaci\u00f3 Sanitaria Pere Virgili\u00a0 (IISPV)<\/strong> ha cumplido con su compromiso de garantizar la accesibilidad a su web recogiendo todas las recomendaciones dadas por el World Wide Web Consortium (W3C) y otras organizaciones internacionales. El objetivo ha sido crear una web que mejor trabaje para todos y que funcione en cualquier dispositivo de acceso a Internet.<\/p>\n\n\n\n<p>Nuestra web tambi\u00e9n es accesible desde el punto de vista de la facilidad de su uso, ya que se ha modificado para que sea f\u00e1cil de utilizar por el m\u00e1ximo de personas, sea cual sea su experiencia, contexto y capacidades, dise\u00f1o f\u00e1cil y estructura eficiente y clara.<\/p>\n\n\n\n<p>La web del IISPV consigue en la mayor\u00eda de sus contenidos las pautas de accesibilidad de nivel AA definidas por las normas WAI, ampliada en algunos puntos y recomendaciones adicionales para mejorar su accesibilidad.<\/p>\n\n\n\n<div style=\"height:25px\" aria-hidden=\"true\" class=\"wp-block-spacer\"><\/div>\n\n\n\n<p><strong>Tama\u00f1o del texto<\/strong><\/p>\n\n\n\n<p>Puede aumentar el tama\u00f1o del texto que ve por defecto en este sitio web en cualquier navegador moderno de la siguiente manera:<\/p>\n\n\n\n<div style=\"height:25px\" aria-hidden=\"true\" class=\"wp-block-spacer\"><\/div>\n\n\n\n<ul class=\"wp-block-list\"><li>\u00b7 Firefox: Haga clic en el men\u00fa \u00abVisualizar\u00bb, seleccione la opci\u00f3n de \u00abTama\u00f1o del Texto\u00bb y luego elija \u00abAumenta\u00bb. Dando los mismos pasos y eligiendo la opci\u00f3n \u00abRestablecer\u00bb volver\u00e1 al tama\u00f1o de texto por defecto.<\/li><li>\u00b7 Opera: Haga clic en el men\u00fa \u00abVer\u00bb y elija \u00abEscalera\u00bb. Esta opci\u00f3n es capaz de aumentar o disminuir el tama\u00f1o de p\u00e1gina tanto en porciones de un 10% como un 150% o un 200%. Elija el 100% para volver a ver el tama\u00f1o de texto por defecto.<\/li><li>\u00b7 Safari: Haga clic en el men\u00fa \u00abVer\u00bb y elija la opci\u00f3n de \u00abHacer mayor el texto\u00bb. Para volver al tama\u00f1o de texto predeterminado, elija la opci\u00f3n \u00abHacer m\u00e1s peque\u00f1o el texto\u00bb.<\/li><li>\u00b7 Internet Explorer: Haga clic en el men\u00fa \u00abVer\u00bb, elija la opci\u00f3n de \u00abTama\u00f1o de Texto\u00bb y luego elija \u00abM\u00e1s grande\u00bb. La opci\u00f3n \u00abMedia\u00bb restablece el texto al tama\u00f1o predeterminado.<\/li><\/ul>\n\n\n\n<div style=\"height:25px\" aria-hidden=\"true\" class=\"wp-block-spacer\"><\/div>\n\n\n\n<p><strong>Otras ayudas a la navegaci\u00f3n<\/strong><\/p>\n\n\n\n<ul class=\"wp-block-list\"><li>\u00b7 Descripciones en texto de los contenidos de aquellas im\u00e1genes que necesitan de explicaci\u00f3n textual porque cumple alg\u00fan tipo de funcionalidad.<\/li><li>\u00b7 Todas las p\u00e1ginas funcionan sin javascript activado.<\/li><li>\u00b7 Se cumple el est\u00e1ndar XHTML que facilita la correcta visualizaci\u00f3n en distintos navegadores.<\/li><li>\u00b7 Posicionamiento del contenido mediante css y sin tablas. De esta forma los lectores de pantalla para personas con disminuci\u00f3n visual e invidentes leen el documento de una forma l\u00f3gica.<\/li><li>\u00b7 Se han seguido las Pautas de Accesibilidad para el Contenido Web (WCAG) versi\u00f3n 1.0, publicadas por la Iniciativa de Accesibilidad Web (WAI) del (W3C).<\/li><li>\u00b7 El tama\u00f1o de la letra y los colores se pueden modificar con las herramientas del navegador para adaptarlos a personas con dificultades visuales, hemos puesto a su disposici\u00f3n una hoja de estilos para dar la impresi\u00f3n m\u00e1s amigable.<\/li><\/ul>\n\n\n\n<p>La mejora de la accesibilidad debe ser un proceso continuo, para continuar con esta mejora le invitamos a enviarnos sus sugerencias para ayudarnos a mejorar la web, puede hacerlo a trav\u00e9s <a href=\"https:\/\/www.iispv.cat\/contacte.html\">de nuestro formulario de Contacto.<\/a><\/p>\n","protected":false},"excerpt":{"rendered":"<p>Accessibilidad L&#8217;Institut d&#8217;Investigaci\u00f3 Sanitaria Pere Virgili\u00a0 (IISPV) ha cumplido con su compromiso de garantizar la accesibilidad a su web recogiendo todas las recomendaciones dadas por el World Wide Web Consortium (W3C) y otras organizaciones internacionales. El objetivo ha sido crear una web que mejor trabaje para todos y que funcione en cualquier dispositivo de acceso [&hellip;]<\/p>\n","protected":false},"author":20,"featured_media":0,"parent":0,"menu_order":329,"comment_status":"closed","ping_status":"closed","template":"page-templates\/legal.php","meta":{"footnotes":""},"class_list":["post-52626","page","type-page","status-publish","hentry"],"_links":{"self":[{"href":"https:\/\/www.iispv.cat\/es\/wp-json\/wp\/v2\/pages\/52626","targetHints":{"allow":["GET"]}}],"collection":[{"href":"https:\/\/www.iispv.cat\/es\/wp-json\/wp\/v2\/pages"}],"about":[{"href":"https:\/\/www.iispv.cat\/es\/wp-json\/wp\/v2\/types\/page"}],"author":[{"embeddable":true,"href":"https:\/\/www.iispv.cat\/es\/wp-json\/wp\/v2\/users\/20"}],"replies":[{"embeddable":true,"href":"https:\/\/www.iispv.cat\/es\/wp-json\/wp\/v2\/comments?post=52626"}],"version-history":[{"count":6,"href":"https:\/\/www.iispv.cat\/es\/wp-json\/wp\/v2\/pages\/52626\/revisions"}],"predecessor-version":[{"id":84894,"href":"https:\/\/www.iispv.cat\/es\/wp-json\/wp\/v2\/pages\/52626\/revisions\/84894"}],"wp:attachment":[{"href":"https:\/\/www.iispv.cat\/es\/wp-json\/wp\/v2\/media?parent=52626"}],"curies":[{"name":"wp","href":"https:\/\/api.w.org\/{rel}","templated":true}]}}