{"id":52624,"date":"2020-09-14T17:41:45","date_gmt":"2020-09-14T15:41:45","guid":{"rendered":"https:\/\/www.iispv.cat\/avis-legal\/"},"modified":"2023-07-12T12:01:58","modified_gmt":"2023-07-12T11:01:58","slug":"avis-legal","status":"publish","type":"page","link":"https:\/\/www.iispv.cat\/es\/avis-legal\/","title":{"rendered":"Aviso Legal"},"content":{"rendered":"\n<h1 class=\"wp-block-heading\">Aviso Legal<\/h1>\n\n\n\n<p><strong>DATOS IDENTIFICATIVOS DEL PRESTADOR DE SERVICIOS DE LA SOCIEDAD DE LA INFORMACI\u00d3N<\/strong><\/p>\n\n\n\n<p>De conformidad con el art\u00edculo 10 de la <strong>Ley 34\/2002<\/strong>, de 11 de julio, de <strong>Servicios de la Sociedad de la Informaci\u00f3n y Comercio Electr\u00f3nico (LSSI)<\/strong>, ponemos a su conocimiento la siguiente informaci\u00f3n:<\/p>\n\n\n\n<div style=\"height:25px\" aria-hidden=\"true\" class=\"wp-block-spacer\"><\/div>\n\n\n\n<p><strong>INSTITUT D\u2019INVESTIGACI\u00d3 SANIT\u00c0RIA PERE VIRGILI, [<\/strong>en adelante<strong> IISPV], <\/strong>es el titular del portal Web\u00a0 <strong>iispv.cat<\/strong>, que act\u00faa exclusivamente como gestora de los contenidos del presente portal Web, domiciliada en: <strong>C\/ ESCORXADOR, S\/N &#8211; 43003 TARRAGONA, NIF G43814045<\/strong>, Inscrita al Registre de Fundacions de la Generalitat de Catalunya N\u00ba Inscripci\u00f3n 2.206, es la encargada de la gesti\u00f3n y funcionamiento del sitio Web mencionado anteriormente.<br>Si desea contactar con nosotros, puede hacerlo mediante correo postal a la direcci\u00f3n mencionada en el p\u00e1rrafo anterior, o bien a trav\u00e9s del correo electr\u00f3nico a <strong>pd@iispv.cat<\/strong><\/p>\n\n\n\n<div style=\"height:25px\" aria-hidden=\"true\" class=\"wp-block-spacer\"><\/div>\n\n\n\n<p><strong>INTRODUCCI\u00d3N<\/strong><\/p>\n\n\n\n<p>El presente <strong>Aviso legal<\/strong> regula el uso de esta p\u00e1gina web. El acceso a la web es gratuito salvo en lo relativo al coste de la conexi\u00f3n a trav\u00e9s de la red de telecomunicaciones suministrada por el proveedor de acceso contratado por los usuarios.<\/p>\n\n\n\n<div style=\"height:25px\" aria-hidden=\"true\" class=\"wp-block-spacer\"><\/div>\n\n\n\n<p><strong>ACCEPTACI\u00d3N<\/strong><\/p>\n\n\n\n<p>La utilizaci\u00f3n del Sitio Web atribuye la condici\u00f3n de Usuario, e implica la aceptaci\u00f3n plena y sin reservas de todas y cada una de las disposiciones incluidas en este <strong>Aviso Legal<\/strong>, en la versi\u00f3n publicada por el <strong>IISPV<\/strong>, en el mismo momento en que el &#8216;Usuario acceda a la Web. En consecuencia, el usuario debe leer atentamente el presente Aviso Legal en cada una de las ocasiones en las que se proponga utilizar la web, ya que puede sufrir modificaciones.<\/p>\n\n\n\n<div style=\"height:25px\" aria-hidden=\"true\" class=\"wp-block-spacer\"><\/div>\n\n\n\n<p><strong>INFORMACI\u00d3N SOBRE LOS V\u00cdNCULOS \u201cLINKS\u201d<\/strong><\/p>\n\n\n\n<p>El <strong>IISPV<\/strong> no se hace responsable de las webs no propias o de terceros, a las que se puede acceder mediante v\u00ednculos \u201clinks\u201d o de cualquier contenido puesto a disposici\u00f3n por terceros.<br>Cualquier uso de un v\u00ednculo o acceso a una Web no propia es realizado por voluntad y riesgo exclusivo del usuario y el <strong>IISPV<\/strong> no recomienda ni garantiza ninguna informaci\u00f3n obtenida a trav\u00e9s de un v\u00ednculo ajeno a la Web de <strong>iispv.cat<\/strong>, ni se responsabiliza de ninguna p\u00e9rdida, reclamaci\u00f3n o perjuicio derivada del uso o mal uso de un v\u00ednculo, o de la informaci\u00f3n obtenida a trav\u00e9s de \u00e9l, incluyendo otros v\u00ednculos o webs, de la interrupci\u00f3n en el servicio o en el acceso, o del intento de uso o mal uso de un v\u00ednculo, tanto al conectar al Sitio Web <strong>iispv.cat<\/strong> como al acceder a la informaci\u00f3n de otras webs desde el propio Sitio Web.<\/p>\n\n\n\n<div style=\"height:25px\" aria-hidden=\"true\" class=\"wp-block-spacer\"><\/div>\n\n\n\n<p><strong>RENUNCIA Y LIMITACI\u00d3N DE LA RESPONSABILIDAD<\/strong><\/p>\n\n\n\n<p>La informaci\u00f3n y servicios incluidos o disponibles a trav\u00e9s de las p\u00e1ginas Web pueden incluir incorrecciones o errores tipogr\u00e1ficos. De forma peri\u00f3dica se incorporan cambios en la informaci\u00f3n contenida. El <strong>IISPV<\/strong> puede introducir en cualquier momento mejoras y\/o cambios en los servicios o contenidos.<br>Tambi\u00e9n se advierte que los contenidos de esta Web, tienen la finalidad de informar y mantener el contacto con usted, enviarle informaci\u00f3n de nuestros servicios, seg\u00fan lo previsto en el presente aviso legal y dem\u00e1s textos legales del presente Sitio Web.<\/p>\n\n\n\n<div style=\"height:25px\" aria-hidden=\"true\" class=\"wp-block-spacer\"><\/div>\n\n\n\n<p><strong>INFORMACI\u00d3N SOBRE LA EXENCI\u00d3N DE TODA RESPONSABILIDAD DERIVADA DE UN FALLO T\u00c9CNICO Y DE CONTENIDO<\/strong><\/p>\n\n\n\n<p>El<strong> IISPV<\/strong> declina cualquier responsabilidad en caso de que existan interrupciones o un mal funcionamiento de los servicios o contenidos ofrecidos en Internet, cualquiera que sea su causa.<br>Asimismo, el <strong>IISPV<\/strong> no se hace responsable por ca\u00eddas de la red, p\u00e9rdidas de negocio a consecuencia de estas ca\u00eddas, suspensiones temporales del fluido el\u00e9ctrico o cualquier otro tipo.<br>El <strong>IISPV<\/strong> no declara ni garantiza que los servicios o contenidos no sean interrumpidos o que est\u00e9n libres de errores, que los defectos sean corregidos, o que el servicio o servidor que lo pone a disposici\u00f3n est\u00e9n libres de virus u otros componentes nocivos, sin perjuicio de que el <strong>IISPV<\/strong> realiza sus mejores esfuerzos en evitar este tipo de incidentes. En caso de que el Usuario tomara determinadas decisiones o realizara acciones con base a la informaci\u00f3n incluida en cualquiera de los \u201cwebsites\u201d, se recomienda la comprobaci\u00f3n de la informaci\u00f3n recibida con otras fuentes.<\/p>\n\n\n\n<div style=\"height:25px\" aria-hidden=\"true\" class=\"wp-block-spacer\"><\/div>\n\n\n\n<p><strong>PROPIEDAD INTELECTUAL E INDUSTRIAL\u00a0MARCAS REGISTRADAS<\/strong><\/p>\n\n\n\n<p>La estructura, dise\u00f1o y forma de presentaci\u00f3n de los elementos (gr\u00e1ficos, im\u00e1genes, archivos logotipos, combinaciones de colores y cualquier elemento susceptible de protecci\u00f3n) est\u00e1n protegidos por derechos de propiedad intelectual, titularidad del <strong>IISPV.<\/strong><br>Est\u00e1n prohibidas la reproducci\u00f3n, transformaci\u00f3n, distribuci\u00f3n, comunicaci\u00f3n p\u00fablica, puesta a disposici\u00f3n del p\u00fablico y, en general cualquier otra forma de explotaci\u00f3n, parcial o total de los elementos referidos en el apartado anterior. Estos actos de explotaci\u00f3n s\u00f3lo podr\u00e1n ser realizados en virtud de autorizaci\u00f3n expresa del <strong>IISPV<\/strong> y que, en todo caso, tendr\u00e1n que hacer referencia expl\u00edcita a la titularidad de los citados derechos de propiedad intelectual del <strong>IISPV<\/strong>.<br>S\u00f3lo est\u00e1 autorizado para el uso privado del material documental elaborado por el <strong>IISPV<\/strong>. En ning\u00fan caso, podr\u00e1 suprimir, alterar, eludir o manipular cualquier dispositivo de protecci\u00f3n o sistemas de seguridad que puedan estar instalados.<br>Salvo autorizaci\u00f3n expresa del <strong>IISPV<\/strong>, no se permite el enlace a \u201cp\u00e1ginas finales\u201d, el \u201cframe\u201d y cualquier otra manipulaci\u00f3n similar. Los enlaces deben estar siempre en la p\u00e1gina principal o \u201chome page\u201d iispv.cat.<br>Los signos distintivos (marcas, nombres comerciales) del <strong>IISPV<\/strong>, est\u00e1n protegidos por derechos de propiedad industrial, quedando prohibida la utilizaci\u00f3n o manipulaci\u00f3n de cualesquiera de ellos, salvo autorizaci\u00f3n expresa y por escrito del <strong>IISPV<\/strong>.<\/p>\n\n\n\n<div style=\"height:25px\" aria-hidden=\"true\" class=\"wp-block-spacer\"><\/div>\n\n\n\n<p><strong>NO COMPARTA SU INFORMACI\u00d3N PERSONAL<\/strong><\/p>\n\n\n\n<p>El <strong>IISPV<\/strong> nunca le enviar\u00e1 un correo electr\u00f3nico ni le llamar\u00e1 por tel\u00e9fono para pedirle que revele o verifique la contrase\u00f1a de su cuenta en el <strong>IISPV<\/strong>, ni sus n\u00fameros de cuenta bancaria o tarjeta de cr\u00e9dito, ni ning\u00fan otro tipo de informaci\u00f3n personal. En caso de que alguien se ponga en contacto con usted o de recibir un correo electr\u00f3nico no solicitado que le solicite alguno de los datos anteriores, no responda y comun\u00edqueselo inmediatamente al <strong>IISPV<\/strong>, para que procedan a la investigaci\u00f3n del incidente .<\/p>\n\n\n\n<div style=\"height:25px\" aria-hidden=\"true\" class=\"wp-block-spacer\"><\/div>\n\n\n\n<p><strong>IDENTIFIQUE LOS CORREOS ELECTR\u00d3NICOS FALSOS (intentos de &#8216;spoofing&#8217; o &#8216;phishing&#8217;)<\/strong><\/p>\n\n\n\n<p>Ignore todo correo electr\u00f3nico que reciba en el que se le solicite informaci\u00f3n personal o que le redirija a otra p\u00e1gina web que no sea propiedad del <strong>IISPV<\/strong>, o de sociedades de su grupo, o en el que se le pida que pague en un medio distinto al autorizado por el <strong>IISPV<\/strong>, ya que podr\u00eda ser un intento de suplantaci\u00f3n de personalidad (&#8216;spoofing&#8217; o &#8216;phishing&#8217;), y deber\u00e1 considerarlo fraudulento.<\/p>\n\n\n\n<p><strong>IISPV<\/strong> utiliza el dominio \u201c<strong>iispv.cat<\/strong>\u201d; por sus correos electr\u00f3nicos. Si usted recibe un correo electr\u00f3nico con un formato distinto, por ejemplo: iispv.security@hotmail.com, puede estar seguro de que es un correo falso. Algunos correos electr\u00f3nicos que practican phishing contienen enlaces a sitios web que utilizan la palabra \u201c<strong>IISPV<\/strong>\u201d en su URL, pero que le dirigir\u00e1n a un sitio web completamente distinto. Si desplaza el rat\u00f3n por encima del enlace, podr\u00e1 ver la URL asociada, que probablemente tendr\u00e1 un formato diferente a las enlazadas en los sitios web aut\u00e9nticos del <strong>IISPV<\/strong>.<\/p>\n\n\n\n<p>Si aun as\u00ed usted hace clic en un correo electr\u00f3nico que practica phishing y es redirigido a una p\u00e1gina que se asemeje a \u00abA su Cuenta\u00bb o a cualquiera que le pida verificar o modificar su informaci\u00f3n personal, ignore y considere como fraudulenta.<\/p>\n\n\n\n<div style=\"height:25px\" aria-hidden=\"true\" class=\"wp-block-spacer\"><\/div>\n\n\n\n<p><strong>COMUNICA LOS INTENTOS DE &#8216;phishing&#8217;<\/strong><\/p>\n\n\n\n<p>Env\u00ede un correo electr\u00f3nico a la direcci\u00f3n <strong>pd@iispv.cat<\/strong> y adjunte el correo electr\u00f3nico que considera falso. Al adjuntarnos este correo electr\u00f3nico fraudulento, nos est\u00e1 ayudando a localizar su origen.<br>Si no puede adjuntar el correo electr\u00f3nico falso, renv\u00edtelo a <strong>pd@iispv.cat<\/strong>\u00a0e incluya la mayor cantidad de informaci\u00f3n posible sobre el mismo.<\/p>\n","protected":false},"excerpt":{"rendered":"<p>Aviso Legal DATOS IDENTIFICATIVOS DEL PRESTADOR DE SERVICIOS DE LA SOCIEDAD DE LA INFORMACI\u00d3N De conformidad con el art\u00edculo 10 de la Ley 34\/2002, de 11 de julio, de Servicios de la Sociedad de la Informaci\u00f3n y Comercio Electr\u00f3nico (LSSI), ponemos a su conocimiento la siguiente informaci\u00f3n: INSTITUT D\u2019INVESTIGACI\u00d3 SANIT\u00c0RIA PERE VIRGILI, [en adelante IISPV], [&hellip;]<\/p>\n","protected":false},"author":20,"featured_media":0,"parent":0,"menu_order":326,"comment_status":"closed","ping_status":"closed","template":"page-templates\/legal.php","meta":{"footnotes":""},"class_list":["post-52624","page","type-page","status-publish","hentry"],"_links":{"self":[{"href":"https:\/\/www.iispv.cat\/es\/wp-json\/wp\/v2\/pages\/52624","targetHints":{"allow":["GET"]}}],"collection":[{"href":"https:\/\/www.iispv.cat\/es\/wp-json\/wp\/v2\/pages"}],"about":[{"href":"https:\/\/www.iispv.cat\/es\/wp-json\/wp\/v2\/types\/page"}],"author":[{"embeddable":true,"href":"https:\/\/www.iispv.cat\/es\/wp-json\/wp\/v2\/users\/20"}],"replies":[{"embeddable":true,"href":"https:\/\/www.iispv.cat\/es\/wp-json\/wp\/v2\/comments?post=52624"}],"version-history":[{"count":6,"href":"https:\/\/www.iispv.cat\/es\/wp-json\/wp\/v2\/pages\/52624\/revisions"}],"predecessor-version":[{"id":84934,"href":"https:\/\/www.iispv.cat\/es\/wp-json\/wp\/v2\/pages\/52624\/revisions\/84934"}],"wp:attachment":[{"href":"https:\/\/www.iispv.cat\/es\/wp-json\/wp\/v2\/media?parent=52624"}],"curies":[{"name":"wp","href":"https:\/\/api.w.org\/{rel}","templated":true}]}}