{"id":52622,"date":"2020-09-14T17:42:06","date_gmt":"2020-09-14T15:42:06","guid":{"rendered":"https:\/\/www.iispv.cat\/politica-de-cookies\/"},"modified":"2023-07-12T13:42:05","modified_gmt":"2023-07-12T12:42:05","slug":"politica-de-cookies","status":"publish","type":"page","link":"https:\/\/www.iispv.cat\/es\/politica-de-cookies\/","title":{"rendered":"Pol\u00edtica de Cookies"},"content":{"rendered":"\n<h1 class=\"wp-block-heading\">Pol\u00edtica de Cookies<\/h1>\n\n\n\n<p>El dominio <strong>iispv.cat<\/strong> utiliza procedimientos autom\u00e1ticos de recogida \u00ab<strong>Cookies<\/strong>\u00bb para reunir informaci\u00f3n personal como puede ser el tipo de navegador o sistema operativo, p\u00e1gina de referencia, ruta, dominio ISSP, etc. Todo esto con el fin de mejorar los servicios prestados. Las \u00ab<strong>Cookies<\/strong>\u00bb nos ayudan a adaptar esta p\u00e1gina web a sus necesidades personales.<\/p>\n\n\n\n<h3 class=\"wp-block-heading\">\u00bfQu\u00e9 son las cookies?<\/h3>\n\n\n\n<p>Una <strong>Cookie <\/strong>es un peque\u00f1o archivo que se almacena en el ordenador del usuario y nos permite reconocerlo. El conjunto de \u00ab<strong>Cookies<\/strong>\u00bb nos ayuda a mejorar la calidad de nuestra web permiti\u00e9ndonos as\u00ed personalizar hasta cierto punto la navegaci\u00f3n de cada usuario por nuestra web. Las <strong>Cookies<\/strong> actualmente son esenciales para el funcionamiento de Internet, aportando innumerables ventajas en la prestaci\u00f3n de servicios interactivos, facilitando la navegaci\u00f3n y utilizaci\u00f3n de nuestra web.<\/p>\n\n\n\n<p>Recuerde que las \u00ab<strong>Cookies<\/strong>\u00bb no pueden da\u00f1ar a su equipo y que, a cambio, el hecho de que est\u00e9n activadas nos ayudan a identificar y resolver los errores y mejorar la navegabilidad de nuestro sitio web proporcionando una mejor experiencia.<\/p>\n\n\n\n<p>Se utilizan<strong> Cookies<\/strong> por:<\/p>\n\n\n\n<ul class=\"wp-block-list\"><li>Asegurar que las p\u00e1ginas web puedan funcionar correctamente.<\/li><li>Almacenar las preferencias, como el idioma o el tama\u00f1o de la letra.<\/li><li>Conocer la experiencia de navegaci\u00f3n del usuario.<\/li><li>Recopilar informaci\u00f3n estad\u00edstica an\u00f3nima, como qu\u00e9 p\u00e1ginas ha visitado el usuario o cu\u00e1nto tiempo ha estado en el sitio web.<\/li><\/ul>\n\n\n\n<h3 class=\"wp-block-heading\">Tipolog\u00eda, finalidad y funcionamiento<\/h3>\n\n\n\n<p>Las<strong> Cookies<\/strong>, en funci\u00f3n de su permanencia, pueden dividirse en cookies de sesi\u00f3n o permanentes. Las primeras expiran cuando el usuario cierra el navegador. Las segundas expiran cuando se cumple el objetivo para lo que sirven o cuando se borran manualmente.<\/p>\n\n\n\n<p>Adem\u00e1s, en funci\u00f3n de su objetivo, las Cookies se pueden clasificar de la siguiente forma:<\/p>\n\n\n\n<ul class=\"wp-block-list\"><li><strong>Requeridas: <\/strong>son aquellas estrictamente necesarias e imprescindibles para el correcto funcionamiento de la p\u00e1gina web. Normalmente se generan cuando el usuario accede al sitio web o inicia sesi\u00f3n en el mismo y se utiliza para identificar en el sitio web con los siguientes objetivos: Mantienen al usuario identificado de forma que, si abandona el sitio web, navegador o dispositivo y en otro momento vuelve a acceder a la misma p\u00e1gina, seguir\u00e1 identificado, facilitando as\u00ed su navegaci\u00f3n sin tener que volver a identificar y comprobar si el usuario est\u00e1 autorizado para acceder a ciertos servicios o zonas del sitio web.<\/li><\/ul>\n\n\n\n<ul class=\"wp-block-list\"><li><strong>De preferencia: <\/strong>Permiten registrar en el sitio web toda aquella informaci\u00f3n relacionada con la forma en que se comporta la web o su aspecto, como por ejemplo el idioma o la regi\u00f3n en la que se encuentra.<\/li><li><strong>Estad\u00edsticas \/ anal\u00edticas: <\/strong>Se utilizan para analizar y mejorar la experiencia de navegaci\u00f3n, optimizar el funcionamiento del sitio web, y ver c\u00f3mo interact\u00faan los visitantes, mediante la recopilaci\u00f3n y notificaci\u00f3n de informaci\u00f3n normalmente de forma an\u00f3nima, aunque a veces tambi\u00e9n permiten identificar de forma \u00fanica e inequ\u00edvoca al usuario para obtener informes sobre los intereses de los usuarios en los servicios que ofrece el sitio web.<\/li><li><strong>De marketing: <\/strong>Son aquellas que recaban informaci\u00f3n sobre los anuncios mostrados a los usuarios del sitio web. Pueden ser de dos tipos<\/li><li><strong>An\u00f3nimas: <\/strong>S\u00f3lo recopilan informaci\u00f3n sobre los espacios publicitarios mostrados en el sitio web, con independencia del usuario que accede sin identificarse expresamente.<\/li><li><strong>Personalizadas: <\/strong>Recopilan informaci\u00f3n personal del usuario del sitio web por parte de un tercero, para la personalizaci\u00f3n de estos espacios publicitarios.<\/li><\/ul>\n\n\n\n<ul class=\"wp-block-list\"><li><strong>De geolocalizaci\u00f3n: <\/strong>Estas cookies se utilizan para averiguar en qu\u00e9 pa\u00eds o regi\u00f3n se encuentra el usuario que accede a un servicio del sitio web, para poder ofrecer contenidos o servicios adecuados a su localizaci\u00f3n.<\/li><\/ul>\n\n\n\n<h3 class=\"wp-block-heading\">Privacidad adecuada \/ Gesti\u00f3n de cookies:<\/h3>\n\n\n\n<p>Para m\u00e1s informaci\u00f3n sobre la configuraci\u00f3n apropiada de las cookies y las opciones de activaci\u00f3n, restricci\u00f3n y\/o inhabilitaci\u00f3n se debe acudir a la secci\u00f3n de ayuda de su navegador para conocer m\u00e1s:<\/p>\n\n\n\n<figure class=\"wp-block-table\"><table><tbody><tr><td><strong>Google Chrome<\/strong><\/td><td><a href=\"http:\/\/support.google.com\/chrome\/bin\/answer.py?hl=es&amp;answer=95647\" target=\"_blank\" rel=\"noreferrer noopener\">http:\/\/support.google.com\/chrome\/bin\/answer.py?hl=es&amp;answer=95647<\/a><\/td><\/tr><tr><td><strong>Internet Explorer<\/strong><strong><\/strong><\/td><td><a href=\"http:\/\/support.microsoft.com\/es-es\/help\/17442\/windows-internet-explorer-delete-manage-cookies\">http:\/\/support.microsoft.com\/es-es\/help\/17442\/windows-internet-explorer-delete-manage-cookies<\/a><\/td><\/tr><tr><td><strong>Mozilla Firefox<\/strong><strong><\/strong><\/td><td><a href=\"http:\/\/support.mozilla.org\/es\/kb\/habilitar-y-deshabilitar-cookies-que-los-sitios-we\" target=\"_blank\" rel=\"noreferrer noopener\">http:\/\/support.mozilla.org\/es\/kb\/habilitar-y-deshabilitar-cookies-que-los-sitios-we<\/a><\/td><\/tr><tr><td><strong>Apple Safari<\/strong><strong><\/strong><\/td><td><a href=\"http:\/\/support.apple.com\/kb\/ph5042\" target=\"_blank\" rel=\"noreferrer noopener\">http:\/\/support.apple.com\/kb\/ph5042<\/a><\/td><\/tr><\/tbody><\/table><\/figure>\n\n\n\n<p>El usuario debe saber que al desactivar las Cookies, algunas de las funcionalidades y servicios pueden quedar inhabilitados o tener un comportamiento diferente al esperado, como por ejemplo, permanecer identificado, mantener las compras en la cesta, su localizaci\u00f3n, etc . entre otros y que se degrade notablemente su navegaci\u00f3n.<\/p>\n\n\n\n<h3 class=\"wp-block-heading\"><strong>Actualizaci\u00f3n de la Pol\u00edtica de cookies<\/strong><\/h3>\n\n\n\n<p>El responsable de tratamiento puede modificar esta Pol\u00edtica de cookies en funci\u00f3n de exigencias legislativas, reglamentarias o con el fin de adaptar esta pol\u00edtica a las instrucciones dictadas.<\/p>\n","protected":false},"excerpt":{"rendered":"<p>Pol\u00edtica de Cookies El dominio iispv.cat utiliza procedimientos autom\u00e1ticos de recogida \u00abCookies\u00bb para reunir informaci\u00f3n personal como puede ser el tipo de navegador o sistema operativo, p\u00e1gina de referencia, ruta, dominio ISSP, etc. Todo esto con el fin de mejorar los servicios prestados. Las \u00abCookies\u00bb nos ayudan a adaptar esta p\u00e1gina web a sus necesidades [&hellip;]<\/p>\n","protected":false},"author":20,"featured_media":0,"parent":0,"menu_order":323,"comment_status":"closed","ping_status":"closed","template":"page-templates\/legal.php","meta":{"footnotes":""},"class_list":["post-52622","page","type-page","status-publish","hentry"],"_links":{"self":[{"href":"https:\/\/www.iispv.cat\/es\/wp-json\/wp\/v2\/pages\/52622","targetHints":{"allow":["GET"]}}],"collection":[{"href":"https:\/\/www.iispv.cat\/es\/wp-json\/wp\/v2\/pages"}],"about":[{"href":"https:\/\/www.iispv.cat\/es\/wp-json\/wp\/v2\/types\/page"}],"author":[{"embeddable":true,"href":"https:\/\/www.iispv.cat\/es\/wp-json\/wp\/v2\/users\/20"}],"replies":[{"embeddable":true,"href":"https:\/\/www.iispv.cat\/es\/wp-json\/wp\/v2\/comments?post=52622"}],"version-history":[{"count":3,"href":"https:\/\/www.iispv.cat\/es\/wp-json\/wp\/v2\/pages\/52622\/revisions"}],"predecessor-version":[{"id":84948,"href":"https:\/\/www.iispv.cat\/es\/wp-json\/wp\/v2\/pages\/52622\/revisions\/84948"}],"wp:attachment":[{"href":"https:\/\/www.iispv.cat\/es\/wp-json\/wp\/v2\/media?parent=52622"}],"curies":[{"name":"wp","href":"https:\/\/api.w.org\/{rel}","templated":true}]}}