{"id":52597,"date":"2020-09-17T17:02:03","date_gmt":"2020-09-17T15:02:03","guid":{"rendered":"https:\/\/www.iispv.cat\/benvinguts-a-iispv\/"},"modified":"2023-05-23T08:27:43","modified_gmt":"2023-05-23T07:27:43","slug":"benvinguts-a-iispv","status":"publish","type":"page","link":"https:\/\/www.iispv.cat\/es\/benvinguts-a-iispv\/","title":{"rendered":"Bienvenidos al IISPV"},"content":{"rendered":"\n<p>El Institut d\u2019Investigaci\u00f3 Sanit\u00e0ria Pere Virgili (IISPV) es una fundaci\u00f3n sin \u00e1nimo de lucro fundada en 2005 para gestionar la investigaci\u00f3n en salud de la provincia de Tarragona.<\/p>\n\n\n\n<p>Nuestro objetivo es ser un centro de referencia nacional e internacional en investigaci\u00f3n y traslaci\u00f3n biom\u00e9dica, al servicio de la poblaci\u00f3n y como instrumento de los centros de salud del \u00e1mbito que le es propio.<\/p>\n","protected":false},"excerpt":{"rendered":"<p>El Institut d\u2019Investigaci\u00f3 Sanit\u00e0ria Pere Virgili (IISPV) es una fundaci\u00f3n sin \u00e1nimo de lucro fundada en 2005 para gestionar la investigaci\u00f3n en salud de la provincia de Tarragona. Nuestro objetivo es ser un centro de referencia nacional e internacional en investigaci\u00f3n y traslaci\u00f3n biom\u00e9dica, al servicio de la poblaci\u00f3n y como instrumento de los centros [&hellip;]<\/p>\n","protected":false},"author":20,"featured_media":0,"parent":0,"menu_order":310,"comment_status":"closed","ping_status":"closed","template":"page-templates\/benvinguts.php","meta":{"footnotes":""},"class_list":["post-52597","page","type-page","status-publish","hentry"],"_links":{"self":[{"href":"https:\/\/www.iispv.cat\/es\/wp-json\/wp\/v2\/pages\/52597","targetHints":{"allow":["GET"]}}],"collection":[{"href":"https:\/\/www.iispv.cat\/es\/wp-json\/wp\/v2\/pages"}],"about":[{"href":"https:\/\/www.iispv.cat\/es\/wp-json\/wp\/v2\/types\/page"}],"author":[{"embeddable":true,"href":"https:\/\/www.iispv.cat\/es\/wp-json\/wp\/v2\/users\/20"}],"replies":[{"embeddable":true,"href":"https:\/\/www.iispv.cat\/es\/wp-json\/wp\/v2\/comments?post=52597"}],"version-history":[{"count":3,"href":"https:\/\/www.iispv.cat\/es\/wp-json\/wp\/v2\/pages\/52597\/revisions"}],"predecessor-version":[{"id":82003,"href":"https:\/\/www.iispv.cat\/es\/wp-json\/wp\/v2\/pages\/52597\/revisions\/82003"}],"wp:attachment":[{"href":"https:\/\/www.iispv.cat\/es\/wp-json\/wp\/v2\/media?parent=52597"}],"curies":[{"name":"wp","href":"https:\/\/api.w.org\/{rel}","templated":true}]}}