{"id":52593,"date":"2020-09-23T15:27:15","date_gmt":"2020-09-23T13:27:15","guid":{"rendered":"https:\/\/www.iispv.cat\/benvinguda-del-director\/"},"modified":"2024-03-08T09:03:58","modified_gmt":"2024-03-08T08:03:58","slug":"benvinguda-del-director","status":"publish","type":"page","link":"https:\/\/www.iispv.cat\/es\/benvinguts-a-iispv\/benvinguda-del-director\/","title":{"rendered":"Bienvenida del director"},"content":{"rendered":"\n<p id=\"tw-target-text\">El Institut d\u2019Investigaci\u00f3 Sanit\u00e0ria Pere Virgili (IISPV) integra la investigaci\u00f3n biom\u00e9dica liderada desde el Camp de Tarragona y las Terres de l\u2019Ebre. Es el instrumento con el que han estado dotados los hospitales universitarios de ambas regiones sanitarias (el Hospital Universitari Joan XXIII de Tarragona, el Hospital Verge de la Cinta de Tortosa, el Hospital Universitari Sant Joan de Reus y el Hospital Universitari Institut Pere Mata de Reus) y la Universitat Rovira i Virgili, para aglutinar y gestionar la investigaci\u00f3n y la innovaci\u00f3n biom\u00e9dica en el territorio.<\/p>\n","protected":false},"excerpt":{"rendered":"<p>El Institut d\u2019Investigaci\u00f3 Sanit\u00e0ria Pere Virgili (IISPV) integra la investigaci\u00f3n biom\u00e9dica liderada desde el Camp de Tarragona y las Terres de l\u2019Ebre. Es el instrumento con el que han estado dotados los hospitales universitarios de ambas regiones sanitarias (el Hospital Universitari Joan XXIII de Tarragona, el Hospital Verge de la Cinta de Tortosa, el Hospital [&hellip;]<\/p>\n","protected":false},"author":20,"featured_media":0,"parent":52597,"menu_order":307,"comment_status":"closed","ping_status":"closed","template":"page-templates\/benvinguda-director.php","meta":{"footnotes":""},"class_list":["post-52593","page","type-page","status-publish","hentry"],"_links":{"self":[{"href":"https:\/\/www.iispv.cat\/es\/wp-json\/wp\/v2\/pages\/52593","targetHints":{"allow":["GET"]}}],"collection":[{"href":"https:\/\/www.iispv.cat\/es\/wp-json\/wp\/v2\/pages"}],"about":[{"href":"https:\/\/www.iispv.cat\/es\/wp-json\/wp\/v2\/types\/page"}],"author":[{"embeddable":true,"href":"https:\/\/www.iispv.cat\/es\/wp-json\/wp\/v2\/users\/20"}],"replies":[{"embeddable":true,"href":"https:\/\/www.iispv.cat\/es\/wp-json\/wp\/v2\/comments?post=52593"}],"version-history":[{"count":20,"href":"https:\/\/www.iispv.cat\/es\/wp-json\/wp\/v2\/pages\/52593\/revisions"}],"predecessor-version":[{"id":91292,"href":"https:\/\/www.iispv.cat\/es\/wp-json\/wp\/v2\/pages\/52593\/revisions\/91292"}],"up":[{"embeddable":true,"href":"https:\/\/www.iispv.cat\/es\/wp-json\/wp\/v2\/pages\/52597"}],"wp:attachment":[{"href":"https:\/\/www.iispv.cat\/es\/wp-json\/wp\/v2\/media?parent=52593"}],"curies":[{"name":"wp","href":"https:\/\/api.w.org\/{rel}","templated":true}]}}