{"id":52587,"date":"2020-09-24T10:35:36","date_gmt":"2020-09-24T08:35:36","guid":{"rendered":"https:\/\/www.iispv.cat\/memoria-de-recerca\/"},"modified":"2026-03-02T12:05:44","modified_gmt":"2026-03-02T11:05:44","slug":"memoria-de-recerca","status":"publish","type":"page","link":"https:\/\/www.iispv.cat\/es\/memoria-de-recerca\/","title":{"rendered":"Informes de investigaci\u00f3n"},"content":{"rendered":"\n<p id=\"tw-target-text\">Estos documentos reflejan la organizaci\u00f3n de la instituci\u00f3n, las \u00e1reas estrat\u00e9gicas en las que trabaja y los proyectos liderados por nuestros investigadores e investigadoras.<\/p>\n","protected":false},"excerpt":{"rendered":"<p>Estos documentos reflejan la organizaci\u00f3n de la instituci\u00f3n, las \u00e1reas estrat\u00e9gicas en las que trabaja y los proyectos liderados por nuestros investigadores e investigadoras.<\/p>\n","protected":false},"author":20,"featured_media":0,"parent":0,"menu_order":296,"comment_status":"closed","ping_status":"closed","template":"page-templates\/memoria.php","meta":{"footnotes":""},"class_list":["post-52587","page","type-page","status-publish","hentry"],"_links":{"self":[{"href":"https:\/\/www.iispv.cat\/es\/wp-json\/wp\/v2\/pages\/52587","targetHints":{"allow":["GET"]}}],"collection":[{"href":"https:\/\/www.iispv.cat\/es\/wp-json\/wp\/v2\/pages"}],"about":[{"href":"https:\/\/www.iispv.cat\/es\/wp-json\/wp\/v2\/types\/page"}],"author":[{"embeddable":true,"href":"https:\/\/www.iispv.cat\/es\/wp-json\/wp\/v2\/users\/20"}],"replies":[{"embeddable":true,"href":"https:\/\/www.iispv.cat\/es\/wp-json\/wp\/v2\/comments?post=52587"}],"version-history":[{"count":45,"href":"https:\/\/www.iispv.cat\/es\/wp-json\/wp\/v2\/pages\/52587\/revisions"}],"predecessor-version":[{"id":111505,"href":"https:\/\/www.iispv.cat\/es\/wp-json\/wp\/v2\/pages\/52587\/revisions\/111505"}],"wp:attachment":[{"href":"https:\/\/www.iispv.cat\/es\/wp-json\/wp\/v2\/media?parent=52587"}],"curies":[{"name":"wp","href":"https:\/\/api.w.org\/{rel}","templated":true}]}}