{"id":52585,"date":"2020-09-25T09:44:59","date_gmt":"2020-09-25T07:44:59","guid":{"rendered":"https:\/\/www.iispv.cat\/unitat-de-projectes-internacionals\/"},"modified":"2023-11-24T12:22:49","modified_gmt":"2023-11-24T11:22:49","slug":"unitat-de-projectes-internacionals","status":"publish","type":"page","link":"https:\/\/www.iispv.cat\/es\/unitat-de-projectes-internacionals\/","title":{"rendered":"Unidad de Proyectos Internacionales"},"content":{"rendered":"\n<p>La promoci\u00f3n de la internacionalizaci\u00f3n de la investigaci\u00f3n es uno de los objetivos estrat\u00e9gicos del IISPV. La Unidad de Proyectos Internacionales (UPI) es la oficina encargada de garantizar el cumplimiento de estos objetivos mediante la coordinaci\u00f3n de todas las tareas de internacionalizaci\u00f3n en investigaci\u00f3n en salud que se llevan a cabo en el territorio.<\/p>\n","protected":false},"excerpt":{"rendered":"<p>La promoci\u00f3n de la internacionalizaci\u00f3n de la investigaci\u00f3n es uno de los objetivos estrat\u00e9gicos del IISPV. La Unidad de Proyectos Internacionales (UPI) es la oficina encargada de garantizar el cumplimiento de estos objetivos mediante la coordinaci\u00f3n de todas las tareas de internacionalizaci\u00f3n en investigaci\u00f3n en salud que se llevan a cabo en el territorio.<\/p>\n","protected":false},"author":20,"featured_media":0,"parent":0,"menu_order":295,"comment_status":"closed","ping_status":"closed","template":"page-templates\/upi.php","meta":{"footnotes":""},"class_list":["post-52585","page","type-page","status-publish","hentry"],"_links":{"self":[{"href":"https:\/\/www.iispv.cat\/es\/wp-json\/wp\/v2\/pages\/52585","targetHints":{"allow":["GET"]}}],"collection":[{"href":"https:\/\/www.iispv.cat\/es\/wp-json\/wp\/v2\/pages"}],"about":[{"href":"https:\/\/www.iispv.cat\/es\/wp-json\/wp\/v2\/types\/page"}],"author":[{"embeddable":true,"href":"https:\/\/www.iispv.cat\/es\/wp-json\/wp\/v2\/users\/20"}],"replies":[{"embeddable":true,"href":"https:\/\/www.iispv.cat\/es\/wp-json\/wp\/v2\/comments?post=52585"}],"version-history":[{"count":12,"href":"https:\/\/www.iispv.cat\/es\/wp-json\/wp\/v2\/pages\/52585\/revisions"}],"predecessor-version":[{"id":88431,"href":"https:\/\/www.iispv.cat\/es\/wp-json\/wp\/v2\/pages\/52585\/revisions\/88431"}],"wp:attachment":[{"href":"https:\/\/www.iispv.cat\/es\/wp-json\/wp\/v2\/media?parent=52585"}],"curies":[{"name":"wp","href":"https:\/\/api.w.org\/{rel}","templated":true}]}}