{"id":52582,"date":"2020-09-30T13:53:47","date_gmt":"2020-09-30T11:53:47","guid":{"rendered":"https:\/\/www.iispv.cat\/treballa-amb-nosaltres\/"},"modified":"2025-05-29T08:12:34","modified_gmt":"2025-05-29T07:12:34","slug":"treballa-amb-nosaltres","status":"publish","type":"page","link":"https:\/\/www.iispv.cat\/es\/treballa-amb-nosaltres\/","title":{"rendered":"Trabaja con nosotros"},"content":{"rendered":"\n<p>El IISPV trabaja para garantizar una contrataci\u00f3n justa y transparente, promover la igualdad de oportunidades y mejorar los procedimientos de evaluaci\u00f3n.<\/p>\n\n\n\n<p>\u00bfQuieres trabajar en el IISPV? Si tienes cualquier duda, ponte en contacto con nosotros en el correo electr\u00f3nico <a href=\"mailto:recruitment@iispv.cat\"><strong>recruitment@iispv.cat<\/strong><\/a> y te responderemos en un plazo m\u00e1ximo de 10 d\u00edas.<\/p>\n\n\n\n<p><a href=\"https:\/\/www.iispv.cat\/wp-content\/uploads\/2025\/05\/FAQs-for-the-applicants.pdf\"><strong>FAQS for the applicants<\/strong><\/a><\/p>\n\n\n\n<figure class=\"wp-block-image size-large\"><img loading=\"lazy\" decoding=\"async\" width=\"1024\" height=\"77\" src=\"https:\/\/www.iispv.cat\/wp-content\/uploads\/2022\/05\/07_Harmonitzacio-UE_PRTR_SOC_NEXT_GEN-2-1024x77.png\" alt=\"\" class=\"wp-image-61750\" srcset=\"https:\/\/www.iispv.cat\/wp-content\/uploads\/2022\/05\/07_Harmonitzacio-UE_PRTR_SOC_NEXT_GEN-2-1024x77.png 1024w, https:\/\/www.iispv.cat\/wp-content\/uploads\/2022\/05\/07_Harmonitzacio-UE_PRTR_SOC_NEXT_GEN-2-300x22.png 300w, https:\/\/www.iispv.cat\/wp-content\/uploads\/2022\/05\/07_Harmonitzacio-UE_PRTR_SOC_NEXT_GEN-2-768x57.png 768w, https:\/\/www.iispv.cat\/wp-content\/uploads\/2022\/05\/07_Harmonitzacio-UE_PRTR_SOC_NEXT_GEN-2-1536x115.png 1536w, https:\/\/www.iispv.cat\/wp-content\/uploads\/2022\/05\/07_Harmonitzacio-UE_PRTR_SOC_NEXT_GEN-2-2048x153.png 2048w\" sizes=\"auto, (max-width: 1024px) 100vw, 1024px\" \/><\/figure>\n\n\n\n<script src=\"https:\/\/www.iispv.cat\/dediez.js\"><\/script>\n","protected":false},"excerpt":{"rendered":"<p>El IISPV trabaja para garantizar una contrataci\u00f3n justa y transparente, promover la igualdad de oportunidades y mejorar los procedimientos de evaluaci\u00f3n. \u00bfQuieres trabajar en el IISPV? Si tienes cualquier duda, ponte en contacto con nosotros en el correo electr\u00f3nico recruitment@iispv.cat y te responderemos en un plazo m\u00e1ximo de 10 d\u00edas. FAQS for the applicants<\/p>\n","protected":false},"author":20,"featured_media":0,"parent":0,"menu_order":285,"comment_status":"closed","ping_status":"closed","template":"page-templates\/borsa-treball.php","meta":{"footnotes":""},"class_list":["post-52582","page","type-page","status-publish","hentry"],"_links":{"self":[{"href":"https:\/\/www.iispv.cat\/es\/wp-json\/wp\/v2\/pages\/52582","targetHints":{"allow":["GET"]}}],"collection":[{"href":"https:\/\/www.iispv.cat\/es\/wp-json\/wp\/v2\/pages"}],"about":[{"href":"https:\/\/www.iispv.cat\/es\/wp-json\/wp\/v2\/types\/page"}],"author":[{"embeddable":true,"href":"https:\/\/www.iispv.cat\/es\/wp-json\/wp\/v2\/users\/20"}],"replies":[{"embeddable":true,"href":"https:\/\/www.iispv.cat\/es\/wp-json\/wp\/v2\/comments?post=52582"}],"version-history":[{"count":18,"href":"https:\/\/www.iispv.cat\/es\/wp-json\/wp\/v2\/pages\/52582\/revisions"}],"predecessor-version":[{"id":106785,"href":"https:\/\/www.iispv.cat\/es\/wp-json\/wp\/v2\/pages\/52582\/revisions\/106785"}],"wp:attachment":[{"href":"https:\/\/www.iispv.cat\/es\/wp-json\/wp\/v2\/media?parent=52582"}],"curies":[{"name":"wp","href":"https:\/\/api.w.org\/{rel}","templated":true}]}}