{"id":52566,"date":"2020-10-16T13:30:38","date_gmt":"2020-10-16T11:30:38","guid":{"rendered":"https:\/\/www.iispv.cat\/nutricio-i-metabolisme\/"},"modified":"2025-03-05T16:58:32","modified_gmt":"2025-03-05T15:58:32","slug":"nutricio-i-metabolisme","status":"publish","type":"page","link":"https:\/\/www.iispv.cat\/es\/recerca\/nutricio-i-metabolisme\/","title":{"rendered":"Enfermedades Metab\u00f3licas y Nutrici\u00f3n"},"content":{"rendered":"\n<div class=\"wp-block-group\"><div class=\"wp-block-group__inner-container is-layout-flow wp-block-group-is-layout-flow\">\n<p><\/p>\n\n\n\n<p>En este \u00e1mbito se incluyen diferentes grupos de investigaci\u00f3n de prestigio, con profesionales tanto de hospitales como de la universidad. El IISPV aporta su potencial humano y t\u00e9cnico con la vocaci\u00f3n de unir la actividad investigadora y la empresarial.&nbsp;La investigadora responsable de esta \u00e1rea es la Dra. Sonia Fern\u00e1ndez-Veledo, que lidera el grupo de investigaci\u00f3n DIAMET.<\/p>\n\n\n\n<p><a rel=\"noreferrer noopener\" class=\"external\" href=\"https:\/\/orcid.org\/0000-0003-2906-3788\" data-type=\"URL\" data-id=\"https:\/\/orcid.org\/0000-0003-2906-3788\" target=\"_blank\">Breve CV<\/a><\/p>\n<\/div><\/div>\n\n\n\n<p><a rel=\"noreferrer noopener\" href=\"https:\/\/www.iispv.cat\/wp-content\/uploads\/2024\/05\/cva_2024_SFV.pdf\" target=\"_blank\"><\/a><\/p>\n","protected":false},"excerpt":{"rendered":"<p>En este \u00e1mbito se incluyen diferentes grupos de investigaci\u00f3n de prestigio, con profesionales tanto de hospitales como de la universidad. El IISPV aporta su potencial humano y t\u00e9cnico con la vocaci\u00f3n de unir la actividad investigadora y la empresarial.&nbsp;La investigadora responsable de esta \u00e1rea es la Dra. Sonia Fern\u00e1ndez-Veledo, que lidera el grupo de investigaci\u00f3n [&hellip;]<\/p>\n","protected":false},"author":20,"featured_media":114,"parent":52642,"menu_order":248,"comment_status":"closed","ping_status":"closed","template":"page-templates\/llista-grups.php","meta":{"footnotes":""},"class_list":["post-52566","page","type-page","status-publish","has-post-thumbnail","hentry"],"_links":{"self":[{"href":"https:\/\/www.iispv.cat\/es\/wp-json\/wp\/v2\/pages\/52566","targetHints":{"allow":["GET"]}}],"collection":[{"href":"https:\/\/www.iispv.cat\/es\/wp-json\/wp\/v2\/pages"}],"about":[{"href":"https:\/\/www.iispv.cat\/es\/wp-json\/wp\/v2\/types\/page"}],"author":[{"embeddable":true,"href":"https:\/\/www.iispv.cat\/es\/wp-json\/wp\/v2\/users\/20"}],"replies":[{"embeddable":true,"href":"https:\/\/www.iispv.cat\/es\/wp-json\/wp\/v2\/comments?post=52566"}],"version-history":[{"count":23,"href":"https:\/\/www.iispv.cat\/es\/wp-json\/wp\/v2\/pages\/52566\/revisions"}],"predecessor-version":[{"id":104465,"href":"https:\/\/www.iispv.cat\/es\/wp-json\/wp\/v2\/pages\/52566\/revisions\/104465"}],"up":[{"embeddable":true,"href":"https:\/\/www.iispv.cat\/es\/wp-json\/wp\/v2\/pages\/52642"}],"wp:featuredmedia":[{"embeddable":true,"href":"https:\/\/www.iispv.cat\/es\/wp-json\/wp\/v2\/media\/114"}],"wp:attachment":[{"href":"https:\/\/www.iispv.cat\/es\/wp-json\/wp\/v2\/media?parent=52566"}],"curies":[{"name":"wp","href":"https:\/\/api.w.org\/{rel}","templated":true}]}}