{"id":52563,"date":"2020-10-19T13:32:20","date_gmt":"2020-10-19T11:32:20","guid":{"rendered":"https:\/\/www.iispv.cat\/neurociencies-i-salut-mental\/"},"modified":"2025-02-06T15:04:37","modified_gmt":"2025-02-06T14:04:37","slug":"neurociencies-i-salut-mental","status":"publish","type":"page","link":"https:\/\/www.iispv.cat\/es\/recerca\/neurociencies-i-salut-mental\/","title":{"rendered":"Neurociencias y Salud Mental"},"content":{"rendered":"\n<p>En este \u00e1mbito se aglutinan diferentes grupos de investigaci\u00f3n de prestigio, con profesionales tanto de los hospitales como de la universidad. El IISPV aporta todo su potencial humano y t\u00e9cnico con la vocaci\u00f3n de unir la actividad investigadora y el empresarial.&nbsp;La investigadora responsable de esta \u00e1rea de la Dra. Elisabet Vilella, que tambi\u00e9n es subdirectora del IISPV.<\/p><p><a href=\"https:\/\/orcid.org\/0000-0002-1887-5919\" data-type=\"URL\" data-id=\"https:\/\/orcid.org\/0000-0002-1887-5919\" target=\"_blank\" rel=\"noreferrer noopener\" class=\"external\">Breve CV<\/a><\/p>\n","protected":false},"excerpt":{"rendered":"<p>En este \u00e1mbito se aglutinan diferentes grupos de investigaci\u00f3n de prestigio, con profesionales tanto de los hospitales como de la universidad. El IISPV aporta todo su potencial humano y t\u00e9cnico con la vocaci\u00f3n de unir la actividad investigadora y el empresarial.&nbsp;La investigadora responsable de esta \u00e1rea de la Dra. Elisabet Vilella, que tambi\u00e9n es subdirectora [&hellip;]<\/p>\n","protected":false},"author":20,"featured_media":116,"parent":52642,"menu_order":356,"comment_status":"closed","ping_status":"closed","template":"page-templates\/llista-grups.php","meta":{"footnotes":""},"class_list":["post-52563","page","type-page","status-publish","has-post-thumbnail","hentry"],"_links":{"self":[{"href":"https:\/\/www.iispv.cat\/es\/wp-json\/wp\/v2\/pages\/52563","targetHints":{"allow":["GET"]}}],"collection":[{"href":"https:\/\/www.iispv.cat\/es\/wp-json\/wp\/v2\/pages"}],"about":[{"href":"https:\/\/www.iispv.cat\/es\/wp-json\/wp\/v2\/types\/page"}],"author":[{"embeddable":true,"href":"https:\/\/www.iispv.cat\/es\/wp-json\/wp\/v2\/users\/20"}],"replies":[{"embeddable":true,"href":"https:\/\/www.iispv.cat\/es\/wp-json\/wp\/v2\/comments?post=52563"}],"version-history":[{"count":7,"href":"https:\/\/www.iispv.cat\/es\/wp-json\/wp\/v2\/pages\/52563\/revisions"}],"predecessor-version":[{"id":103602,"href":"https:\/\/www.iispv.cat\/es\/wp-json\/wp\/v2\/pages\/52563\/revisions\/103602"}],"up":[{"embeddable":true,"href":"https:\/\/www.iispv.cat\/es\/wp-json\/wp\/v2\/pages\/52642"}],"wp:featuredmedia":[{"embeddable":true,"href":"https:\/\/www.iispv.cat\/es\/wp-json\/wp\/v2\/media\/116"}],"wp:attachment":[{"href":"https:\/\/www.iispv.cat\/es\/wp-json\/wp\/v2\/media?parent=52563"}],"curies":[{"name":"wp","href":"https:\/\/api.w.org\/{rel}","templated":true}]}}