{"id":52551,"date":"2020-10-21T09:32:02","date_gmt":"2020-10-21T07:32:02","guid":{"rendered":"https:\/\/www.iispv.cat\/salut-i-medi-ambient\/"},"modified":"2026-03-20T12:45:48","modified_gmt":"2026-03-20T11:45:48","slug":"salut-i-medi-ambient","status":"publish","type":"page","link":"https:\/\/www.iispv.cat\/es\/recerca\/salut-i-medi-ambient\/","title":{"rendered":"Infecci\u00f3n, Inmunidad y Medio Ambiente"},"content":{"rendered":"\n<p>En este \u00e1mbito se aglutinan distintos grupos de investigaci\u00f3n de prestigio, con profesionales tanto de los hospitales como de la universidad. El IISPV aporta todo su potencial humano y t\u00e9cnico con la vocaci\u00f3n de unir la actividad investigadora y empresarial.&nbsp;La investigadora responsable de esta \u00e1rea es la Dra. Sandra Parra, m\u00e9dica adjunta del Servicio de Medicina Interna del Hospital Universitari Sant Joan de Reus (HUSJR).<\/p><p><a href=\"https:\/\/orcid.org\/0000-0001-9363-6574\" data-type=\"URL\" data-id=\"https:\/\/orcid.org\/0000-0001-9363-6574\" target=\"_blank\" rel=\"noreferrer noopener\" class=\"external\">Breve CV<\/a><\/p>\n","protected":false},"excerpt":{"rendered":"<p>En este \u00e1mbito se aglutinan distintos grupos de investigaci\u00f3n de prestigio, con profesionales tanto de los hospitales como de la universidad. El IISPV aporta todo su potencial humano y t\u00e9cnico con la vocaci\u00f3n de unir la actividad investigadora y empresarial.&nbsp;La investigadora responsable de esta \u00e1rea es la Dra. Sandra Parra, m\u00e9dica adjunta del Servicio de [&hellip;]<\/p>\n","protected":false},"author":22,"featured_media":112,"parent":52642,"menu_order":348,"comment_status":"closed","ping_status":"closed","template":"page-templates\/llista-grups.php","meta":{"footnotes":""},"class_list":["post-52551","page","type-page","status-publish","has-post-thumbnail","hentry"],"_links":{"self":[{"href":"https:\/\/www.iispv.cat\/es\/wp-json\/wp\/v2\/pages\/52551","targetHints":{"allow":["GET"]}}],"collection":[{"href":"https:\/\/www.iispv.cat\/es\/wp-json\/wp\/v2\/pages"}],"about":[{"href":"https:\/\/www.iispv.cat\/es\/wp-json\/wp\/v2\/types\/page"}],"author":[{"embeddable":true,"href":"https:\/\/www.iispv.cat\/es\/wp-json\/wp\/v2\/users\/22"}],"replies":[{"embeddable":true,"href":"https:\/\/www.iispv.cat\/es\/wp-json\/wp\/v2\/comments?post=52551"}],"version-history":[{"count":12,"href":"https:\/\/www.iispv.cat\/es\/wp-json\/wp\/v2\/pages\/52551\/revisions"}],"predecessor-version":[{"id":111892,"href":"https:\/\/www.iispv.cat\/es\/wp-json\/wp\/v2\/pages\/52551\/revisions\/111892"}],"up":[{"embeddable":true,"href":"https:\/\/www.iispv.cat\/es\/wp-json\/wp\/v2\/pages\/52642"}],"wp:featuredmedia":[{"embeddable":true,"href":"https:\/\/www.iispv.cat\/es\/wp-json\/wp\/v2\/media\/112"}],"wp:attachment":[{"href":"https:\/\/www.iispv.cat\/es\/wp-json\/wp\/v2\/media?parent=52551"}],"curies":[{"name":"wp","href":"https:\/\/api.w.org\/{rel}","templated":true}]}}