{"id":52542,"date":"2020-09-14T14:12:52","date_gmt":"2020-09-14T12:12:52","guid":{"rendered":"https:\/\/www.iispv.cat\/politica-de-privadesa\/"},"modified":"2023-07-12T10:45:01","modified_gmt":"2023-07-12T09:45:01","slug":"politica-de-privadesa","status":"publish","type":"page","link":"https:\/\/www.iispv.cat\/es\/politica-de-privadesa\/","title":{"rendered":"Pol\u00edtica de privacidad"},"content":{"rendered":"\n<h1 class=\"wp-block-heading\">Pol\u00edtica de privacidad<\/h1>\n\n\n\n<p><strong>RESPONSABLE<\/strong><\/p>\n\n\n\n<p>De conformidad con lo que establece el <strong>Reglamento General (UE) 2016\/679 de Protecci\u00f3n de datos y la Ley Org\u00e1nica 3\/2018 de Protecci\u00f3n de datos personales y garant\u00edas de los derechos digitales<\/strong>, le informamos que los datos personales facilitados a trav\u00e9s de los formularios, as\u00ed como su direcci\u00f3n de correo electr\u00f3nico, han sido incluidas en un tratamiento titularidad de <strong>INSTITUT D\u2019INVESTIGACI\u00d3 SANITARIA PERE VIRGILI<\/strong>, [en adelante <strong>IISPV<\/strong>], con domicilio social en C\/ ESCORXADOR, S\/N , Inscrita en el Registro de Fundaciones de la Generalidad de Catalu\u00f1a, N\u00ba Inscripci\u00f3n 2.206, es la encargada de la gesti\u00f3n y funcionamiento del sitio Web mencionado anteriormente.<\/p>\n\n\n\n<div style=\"height:26px\" aria-hidden=\"true\" class=\"wp-block-spacer\"><\/div>\n\n\n\n<p>E-mail <a href=\"mailto:dpd@iispv.cat\"><strong>dpd@iispv.cat<\/strong><\/a><strong>,<\/strong> con el fin de atender sus consultas y env\u00edo de informaci\u00f3n relacionada con los servicios que ofrece el <strong>IISPV.V.<\/strong><\/p>\n\n\n\n<div style=\"height:26px\" aria-hidden=\"true\" class=\"wp-block-spacer\"><\/div>\n\n\n\n<p>Se informa que los datos pueden ser tratados con el fin de facilitar informaci\u00f3n de nuestros productos y\/o servicios por medios electr\u00f3nicos. Sus datos podr\u00e1n ser objeto de la elaboraci\u00f3n de perfiles, con el fin de aplicar un plan de fidelizaci\u00f3n acorde a la vinculaci\u00f3n comercial del cliente y ofrecer ofertas que sean adecuadas a sus preferencias. Si bien podr\u00e1 en cualquier momento oponerse a este tipo de env\u00edos, enviando un correo electr\u00f3nico a la direcci\u00f3n <a href=\"mailto:dpd@iispv.cat\"><strong>dpd@iispv.cat<\/strong><\/a> indicando en el asunto <strong>\u00abBAJA DE LA LISTA DE DISTRIBUCI\u00d3N\u00bb<\/strong>.<\/p>\n\n\n\n<div style=\"height:26px\" aria-hidden=\"true\" class=\"wp-block-spacer\"><\/div>\n\n\n\n<p>Asimismo, podr\u00e1 ejercer sus derechos de acceso, rectificaci\u00f3n, supresi\u00f3n, oposici\u00f3n, portabilidad y limitaci\u00f3n, enviando un escrito acompa\u00f1ado de una fotocopia del D.N.I a la siguiente direcci\u00f3n: <strong>C\/ ESCORXADOR, S\/N &#8211; 43003 TARRAGONA<\/strong> o bien enviando -lo por correo electr\u00f3nico a <strong><a href=\"mailto:dpd@ticsalutsocial.cat\">dpd@ticsalutsocial.cat<\/a><\/strong> y acompa\u00f1ada de una fotocopia de su DNI o documento acreditativo equivalente e indicando en el asunto <strong>\u00abPROTECCI\u00d3N DE DATOS\u00bb.<\/strong><\/p>\n\n\n\n<div style=\"height:40px\" aria-hidden=\"true\" class=\"wp-block-spacer\"><\/div>\n\n\n\n<p><strong>POL\u00cdTICA<\/strong><\/p>\n\n\n\n<p>El <strong>IISPV<\/strong> est\u00e1 especialmente sensibilizada en la protecci\u00f3n de los datos de los usuarios de los servicios a los que se accede a trav\u00e9s del sitio Web. Mediante la presente Pol\u00edtica de Privacidad se informa a los usuarios de <strong><a href=\"https:\/\/www.iispv.cat\/\" data-type=\"URL\" data-id=\"https:\/\/www.iispv.cat\/\">iispv.cat<\/a><\/strong> del tratamiento y usos a los que se someten los datos personales que se recaban en la web mediante la <strong>informaci\u00f3n adicional<\/strong>, con el fin de que decidan, libre y voluntariamente, si desean facilitar la informaci\u00f3n solicitada.<\/p>\n\n\n\n<div style=\"height:40px\" aria-hidden=\"true\" class=\"wp-block-spacer\"><\/div>\n\n\n\n<p><strong>MEDIDAS DE SEGURIDAD<\/strong><\/p>\n\n\n\n<p>Por \u00faltimo se informa que el <strong>IISPV<\/strong>, ha adoptado en el sistema de informaci\u00f3n las medidas t\u00e9cnicas y organizativas adecuadas, a fin de garantizar la seguridad y confidencialidad de los datos almacenados, evitando as\u00ed, su alteraci\u00f3n, p\u00e9rdida, tratamiento o acceso no autorizado; teniendo en cuenta el estado de la t\u00e9cnica, los costes de aplicaci\u00f3n, y la naturaleza, alcance, contexto y finalidades del tratamiento, as\u00ed como riesgos de probabilidad y gravedad variables asociadas a cada uno de los tratamientos.<\/p>\n\n\n\n<div style=\"height:40px\" aria-hidden=\"true\" class=\"wp-block-spacer\"><\/div>\n\n\n\n<p><strong>DERECHOS DE LOS USUARIOS<\/strong><\/p>\n\n\n\n<p>El interesado de los datos personales en todo caso podr\u00e1 ejercitar los derechos que le asisten, de acuerdo con el Reglamento General de Protecci\u00f3n de Datos y de la Ley Org\u00e1nica 3\/2018 de Protecci\u00f3n de datos personales y garant\u00edas de los derechos digitales, y que son :<\/p>\n\n\n\n<ul class=\"wp-block-list\"><li><strong>A<\/strong>.- El derecho de acceso, a ejercitar con periodicidad anual, salvo inter\u00e9s leg\u00edtimo acreditado. Al ejercitar el derecho de acceso, el interesado podr\u00e1 optar por los siguientes sistemas de consulta del fichero:<\/li><\/ul>\n\n\n\n<p>&#8211; el env\u00edo de un correo electr\u00f3nico a: <strong><a href=\"mailto:dpd@ticsalutsocial.cat\">dpd@ticsalutsocial.cat<\/a>\u00a0<\/strong><\/p>\n\n\n\n<p>&#8211; comunicaci\u00f3n por escrito dirigida a: <strong>IISPV, C\/ ESCORXADOR, S\/N &#8211; 43003 TARRAGONA<\/strong><\/p>\n\n\n\n<p>El <strong>IISPV <\/strong>proceder\u00e1 a notificar su decisi\u00f3n en el plazo de un mes. Si fuese en sentido afirmativo, el interesado podr\u00e1 acceder a la referida informaci\u00f3n en el plazo de los 10 d\u00edas siguientes a su notificaci\u00f3n.<\/p>\n\n\n\n<div style=\"height:18px\" aria-hidden=\"true\" class=\"wp-block-spacer\"><\/div>\n\n\n\n<ul class=\"wp-block-list\"><li><strong>B<\/strong>.- Los derechos de <strong>rectificaci\u00f3n<\/strong> y <strong>supresi\u00f3n<\/strong> podr\u00e1n ser ejercitados, con arreglo a las siguientes previsiones, siempre que el interesado considere que los datos recogidos en nuestros tratamientos son <em>inexactos, incompletos, inadecuados o excesivos<\/em>. En este caso, podr\u00e1 ejercitarlos a trav\u00e9s de alguno de los medios anteriormente previstos. El<strong> IISPV<\/strong>, proceder\u00e1 a la rectificaci\u00f3n o supresi\u00f3n dentro de los 10 d\u00edas siguientes al de la recepci\u00f3n de la solicitud.<\/li><\/ul>\n\n\n\n<ul class=\"wp-block-list\"><li><strong>C<\/strong>.- El derecho de <strong>oposici\u00f3n<\/strong> podr\u00e1 ser ejercitado, con arreglo a las siguientes previsiones, siempre que el interesado quiera oponerse al tratamiento de sus datos personales tanto por si los datos se tratan l\u00edcitamente como por inter\u00e9s leg\u00edtimo o consentimiento relativo por fines publicitarios.<\/li><\/ul>\n\n\n\n<ul class=\"wp-block-list\"><li><strong>D<\/strong>.- El derecho de <strong>portabilidad<\/strong> podr\u00e1 ser ejercitado, con arreglo a las siguientes previsiones, siempre que el interesado considere que los datos recogidos en nuestros tratamientos, debes ser devueltos al titular de los datos, o bien a otro tercero (Encargado de tratamiento) .<\/li><\/ul>\n\n\n\n<ul class=\"wp-block-list\"><li><strong>E<\/strong>.- El derecho de <strong>limitaci\u00f3n del tratamiento<\/strong> podr\u00e1 ser ejercitado, previamente el derecho de oposici\u00f3n al tratamiento de sus datos, y que mientras no se resuelva el Derecho de oposici\u00f3n, se limite el tratamiento de los mismos.<\/li><\/ul>\n\n\n\n<div style=\"height:40px\" aria-hidden=\"true\" class=\"wp-block-spacer\"><\/div>\n\n\n\n<p><strong>CAMBIO DE NORMATIVA<\/strong><\/p>\n\n\n\n<p>El <strong>IISPV, <\/strong>se reserva el derecho de modificar la presente pol\u00edtica con el objeto de adaptarla a las novedades legislativas o jurisprudenciales. Tales cambios ser\u00e1n comunicados con la antelaci\u00f3n que sea necesaria en nuestra p\u00e1gina Web, sin perjuicio de reclamar el consentimiento necesario de los afectados cuando \u00e9ste no se considerase otorgado con arreglo a los t\u00e9rminos de la presente pol\u00edtica.<br><br>Cualquier duda, pregunta o comentarios que pudiera albergar en referencia a la presente normativa, no dude en consultarlas dirigiendo su comunicaci\u00f3n al respecto a: <strong><a href=\"mailto:dpd@iispv.cat\">dpd@iispv.cat<\/a>.<\/strong><\/p>\n","protected":false},"excerpt":{"rendered":"<p>Pol\u00edtica de privacidad RESPONSABLE De conformidad con lo que establece el Reglamento General (UE) 2016\/679 de Protecci\u00f3n de datos y la Ley Org\u00e1nica 3\/2018 de Protecci\u00f3n de datos personales y garant\u00edas de los derechos digitales, le informamos que los datos personales facilitados a trav\u00e9s de los formularios, as\u00ed como su direcci\u00f3n de correo electr\u00f3nico, han [&hellip;]<\/p>\n","protected":false},"author":20,"featured_media":0,"parent":0,"menu_order":403,"comment_status":"closed","ping_status":"closed","template":"page-templates\/legal.php","meta":{"footnotes":""},"class_list":["post-52542","page","type-page","status-publish","hentry"],"_links":{"self":[{"href":"https:\/\/www.iispv.cat\/es\/wp-json\/wp\/v2\/pages\/52542","targetHints":{"allow":["GET"]}}],"collection":[{"href":"https:\/\/www.iispv.cat\/es\/wp-json\/wp\/v2\/pages"}],"about":[{"href":"https:\/\/www.iispv.cat\/es\/wp-json\/wp\/v2\/types\/page"}],"author":[{"embeddable":true,"href":"https:\/\/www.iispv.cat\/es\/wp-json\/wp\/v2\/users\/20"}],"replies":[{"embeddable":true,"href":"https:\/\/www.iispv.cat\/es\/wp-json\/wp\/v2\/comments?post=52542"}],"version-history":[{"count":7,"href":"https:\/\/www.iispv.cat\/es\/wp-json\/wp\/v2\/pages\/52542\/revisions"}],"predecessor-version":[{"id":84917,"href":"https:\/\/www.iispv.cat\/es\/wp-json\/wp\/v2\/pages\/52542\/revisions\/84917"}],"wp:attachment":[{"href":"https:\/\/www.iispv.cat\/es\/wp-json\/wp\/v2\/media?parent=52542"}],"curies":[{"name":"wp","href":"https:\/\/api.w.org\/{rel}","templated":true}]}}