{"id":104116,"date":"2025-02-26T16:36:59","date_gmt":"2025-02-26T15:36:59","guid":{"rendered":"https:\/\/www.iispv.cat\/unitat_investigacio_clinica_catalunya_sud\/"},"modified":"2025-03-07T14:30:55","modified_gmt":"2025-03-07T13:30:55","slug":"unitat_investigacio_clinica_catalunya_sud","status":"publish","type":"page","link":"https:\/\/www.iispv.cat\/es\/unitat_investigacio_clinica_catalunya_sud\/","title":{"rendered":"Unidad de Investigaci\u00f3n Cl\u00ednica Catalu\u00f1a Sur"},"content":{"rendered":"\n<p class=\"has-small-font-size\">&#8230;<\/p>\n\n\n\n<div class=\"wp-block-columns is-layout-flex wp-container-core-columns-is-layout-9d6595d7 wp-block-columns-is-layout-flex\">\n<div class=\"wp-block-column is-layout-flow wp-block-column-is-layout-flow\" style=\"flex-basis:100%\">\n<figure class=\"wp-block-table is-style-regular\" style=\"font-size:18px\"><table class=\"has-fixed-layout\"><tbody><tr><td class=\"has-text-align-center\" data-align=\"center\"><a href=\"https:\/\/www.iispv.cat\/es\/unitat_investigacio_clinica_catalunya_sud\/objectius-estrategics\/\"><img loading=\"lazy\" decoding=\"async\" width=\"300\" height=\"169\" class=\"wp-image-104256\" style=\"width: 300px;\" src=\"https:\/\/www.iispv.cat\/wp-content\/uploads\/2025\/02\/foto-projectes-300x169-1.jpg\" alt=\"\"><\/a><br><a href=\"https:\/\/www.iispv.cat\/es\/unitat_investigacio_clinica_catalunya_sud\/objectius-estrategics\/\"><mark style=\"background-color:rgba(0, 0, 0, 0);color:#26416e\" class=\"has-inline-color\"><strong>Objectivos estrat\u00e9gicos<\/strong><\/mark><\/a><\/td><td class=\"has-text-align-center\" data-align=\"center\"><a href=\"https:\/\/www.iispv.cat\/es\/unitat_investigacio_clinica_catalunya_sud\/pla-de-gobernanca\/\"><img loading=\"lazy\" decoding=\"async\" width=\"300\" height=\"169\" class=\"wp-image-104259\" style=\"width: 300px;\" src=\"https:\/\/www.iispv.cat\/wp-content\/uploads\/2025\/02\/preparant-la-teva-proposta-300x169-1.jpg\" alt=\"\"><\/a><br><a href=\"https:\/\/www.iispv.cat\/es\/unitat_investigacio_clinica_catalunya_sud\/pla-de-gobernanca\/\"><mark style=\"background-color:rgba(0, 0, 0, 0);color:#26416e\" class=\"has-inline-color\"><strong>Plan de gobernanza<\/strong><\/mark><\/a><\/td><td class=\"has-text-align-center\" data-align=\"center\"><a href=\"https:\/\/www.iispv.cat\/es\/unitat_investigacio_clinica_catalunya_sud\/assajos-clinics-i-estudis\/\"><img loading=\"lazy\" decoding=\"async\" width=\"300\" height=\"170\" class=\"wp-image-104252\" style=\"width: 300px;\" src=\"https:\/\/www.iispv.cat\/wp-content\/uploads\/2025\/02\/Facebook22-300x169-1.jpg\" alt=\"\"><\/a><br><a href=\"https:\/\/www.iispv.cat\/es\/unitat_investigacio_clinica_catalunya_sud\/assajos-clinics-i-estudis\/\"><mark style=\"background-color:rgba(0, 0, 0, 0);color:#26416e\" class=\"has-inline-color\"><strong>Ensayos cl\u00ednicos y estudios<\/strong><\/mark><\/a><\/td><\/tr><\/tbody><\/table><\/figure>\n<\/div>\n<\/div>\n\n\n\n<p class=\"has-medium-font-size\">Este proyecto (N\u00ba expediente: UICC24\/00015) ha recibido financiaci\u00f3n del Instituto de Salud Carlos III (ISCIII) y los fondos de Next Generation EU, que financian las actuaciones del Mecanismo para la Recuperaci\u00f3n y la Resiliencia (MRR).<\/p>\n<p>\n\n\n<p><\/p>","protected":false},"excerpt":{"rendered":"<p>&#8230; Objectivos estrat\u00e9gicos Plan de gobernanza Ensayos cl\u00ednicos y estudios Este proyecto (N\u00ba expediente: UICC24\/00015) ha recibido financiaci\u00f3n del Instituto de Salud Carlos III (ISCIII) y los fondos de Next Generation EU, que financian las actuaciones del Mecanismo para la Recuperaci\u00f3n y la Resiliencia (MRR).<\/p>\n","protected":false},"author":22,"featured_media":0,"parent":0,"menu_order":20,"comment_status":"closed","ping_status":"closed","template":"page-templates\/investigacio-clinica-catalunya-sud.php","meta":{"footnotes":""},"class_list":["post-104116","page","type-page","status-publish","hentry"],"_links":{"self":[{"href":"https:\/\/www.iispv.cat\/es\/wp-json\/wp\/v2\/pages\/104116","targetHints":{"allow":["GET"]}}],"collection":[{"href":"https:\/\/www.iispv.cat\/es\/wp-json\/wp\/v2\/pages"}],"about":[{"href":"https:\/\/www.iispv.cat\/es\/wp-json\/wp\/v2\/types\/page"}],"author":[{"embeddable":true,"href":"https:\/\/www.iispv.cat\/es\/wp-json\/wp\/v2\/users\/22"}],"replies":[{"embeddable":true,"href":"https:\/\/www.iispv.cat\/es\/wp-json\/wp\/v2\/comments?post=104116"}],"version-history":[{"count":10,"href":"https:\/\/www.iispv.cat\/es\/wp-json\/wp\/v2\/pages\/104116\/revisions"}],"predecessor-version":[{"id":104649,"href":"https:\/\/www.iispv.cat\/es\/wp-json\/wp\/v2\/pages\/104116\/revisions\/104649"}],"wp:attachment":[{"href":"https:\/\/www.iispv.cat\/es\/wp-json\/wp\/v2\/media?parent=104116"}],"curies":[{"name":"wp","href":"https:\/\/api.w.org\/{rel}","templated":true}]}}